{"id":2941,"date":"2022-11-23T10:23:00","date_gmt":"2022-11-23T10:23:00","guid":{"rendered":"https:\/\/ajvilafrancadebonany.net\/?page_id=2941"},"modified":"2023-02-03T12:24:20","modified_gmt":"2023-02-03T12:24:20","slug":"aviso-legal","status":"publish","type":"page","link":"https:\/\/ajvilafrancadebonany.net\/es\/aviso-legal\/","title":{"rendered":"Aviso Legal"},"content":{"rendered":"<div class=\"fusion-fullwidth fullwidth-box fusion-builder-row-1 fusion-flex-container nonhundred-percent-fullwidth non-hundred-percent-height-scrolling\" style=\"--awb-border-radius-top-left:0px;--awb-border-radius-top-right:0px;--awb-border-radius-bottom-right:0px;--awb-border-radius-bottom-left:0px;--awb-flex-wrap:wrap;\" ><div class=\"fusion-builder-row fusion-row fusion-flex-align-items-flex-start fusion-flex-content-wrap\" style=\"max-width:1331.2px;margin-left: calc(-4% \/ 2 );margin-right: calc(-4% \/ 2 );\"><div class=\"fusion-layout-column fusion_builder_column fusion-builder-column-0 fusion_builder_column_1_1 1_1 fusion-flex-column\" style=\"--awb-bg-size:cover;--awb-width-large:100%;--awb-margin-top-large:10px;--awb-spacing-right-large:1.92%;--awb-margin-bottom-large:10px;--awb-spacing-left-large:1.92%;--awb-width-medium:100%;--awb-order-medium:0;--awb-spacing-right-medium:1.92%;--awb-spacing-left-medium:1.92%;--awb-width-small:100%;--awb-order-small:0;--awb-spacing-right-small:1.92%;--awb-spacing-left-small:1.92%;\"><div class=\"fusion-column-wrapper fusion-column-has-shadow fusion-flex-justify-content-flex-start fusion-content-layout-column\"><div class=\"fusion-text fusion-text-1\"><p>En cumplimiento  de la Ley  34\/2002,  de 11 de julio, de Servicios de la Sociedad de la Informaci\u00f3n y de Comercio Electr\u00f3nico  (LSSI-CE),  AJUNTAMENT  DE  VILAFRANCA  DE  BONANY  informa  que  es  titular  del sitio web. De acuerdo  con la exigencia  del art\u00edculo 10 de la citada Ley, AJUNTAMENT  DE VILAFRANCA DE BONANY informa de los siguientes  datos:<\/p>\n<p>RAZ\u00d3N SOCIAL: AJUNTAMENT  DE VILAFRANCA  DE BONANY<br \/>NIF: P0706500F<br \/>DIRECCI\u00d3N POSTAL: PLA\u00c7A MAJOR, 1   07250,  VILAFRANCA  DE BONANY  (ILLES BALEARS)<br \/>DIRECCI\u00d3N ELECTR\u00d3NICA: info@ajvilafrancadebonany.net<br \/>TEL\u00c9FONO: 971 83 21 07<br \/>OBJETO PRINCIPAL: informaci\u00f3n  de los servicios y actividades  del ayuntamiento  de Vilafranca  de Bonany<\/p>\n<p><b>USUARIO Y R\u00c9GIMEN DE RESPONSABILIDADES<\/b><\/p>\n<p>La  navegaci\u00f3n,  acceso  y  uso  por  el sitio  web  de  AJUNTAMENT  DE  VILAFRANCA  DE  BONANY  confiere  la condici\u00f3n  de  usuario,  por  la  que  se  aceptan,  desde  la  navegaci\u00f3n  por  el  sitio  web  de  AJUNTAMENT  DE VILAFRANCA  DE  BONANY,  todas  las condiciones  de uso aqu\u00ed establecidas  sin perjuicio  de la aplicaci\u00f3n  de la correspondiente  normativa de obligado  cumplimiento  legal seg\u00fan el caso.<\/p>\n<p>El  sitio  web  de  AJUNTAMENT   DE  VILAFRANCA  DE  BONANY  proporciona  gran  diversidad  de  informaci\u00f3n, servicios  y datos. El usuario  asume su responsabilidad  en el uso correcto del sitio web. Esta responsabilidad  se extender\u00e1 a:<\/p>\n<p>\u25aa\tLa  veracidad  y  licitud  de las informaciones  aportadas  por el usuario  en los formularios  extendidos  por AJUNTAMENT   DE  VILAFRANCA   DE  BONANY   para  el  acceso   a  ciertos   contenidos   o  servicios ofrecidos por el web.<\/p>\n<p>\u25aa\tEl uso de la informaci\u00f3n,  servicios y datos ofrecidos por AJUNTAMENT  D E VILAFRANCA DE BONANY contrariamente  a lo dispuesto  por las presentes  condiciones, la Ley, la moral, las buenas costumbres  o el orden p\u00fablico, o que de cualquier otro modo puedan suponer lesi\u00f3n de los derechos de terceros o del mismo funcionamiento   del sitio web.<\/p>\n<p><b>POL\u00cdTICA DE ENLACES Y EXENCIONES DE RESPONSABILIDAD<\/b><\/p>\n<p>AJUNTAMENT  DE VILAFRANCA  DE BONANY no se hace responsable del contenido de los sitios web a los que el usuario  pueda  acceder  a  trav\u00e9s  de los enlaces  establecidos  en su sitio web y declara  que en  ning\u00fan caso proceder\u00e1  a  examinar  o ejercitar  ning\u00fan tipo de control sobre el contenido  de otros  sitios  de la red. Asimismo, tampoco  garantizar\u00e1  la  disponibilidad  t\u00e9cnica,  exactitud,  veracidad,  validez  o  legalidad  de  sitios  ajenos  a  su propiedad  a los que se pueda acceder por medio de los enlaces. <\/p>\n<p>AJUNTAMENT   DE  VILAFRANCA  DE  BONANY  declara  haber  adoptado  todas  las  medidas  necesarias  para evitar cualquier da\u00f1o a los usuarios de su sitio web, que pudieran derivarse de la navegaci\u00f3n por su sitio web. En consecuencia,  AJUNTAMENT  DE VILAFRANCA  DE BONANY  no se hace responsable,  en ning\u00fan caso, de los eventuales  da\u00f1os que por la navegaci\u00f3n  por Internet pudiera sufrir el usuario.<\/p>\n<p><b>MODIFICACIONES<\/b><\/p>\n<p>AJUNTAMENT   DE  VILAFRANCA   DE  BONANY   se  reserva   el  derecho   a  realizar   las   modificaciones   que considere  oportunas,  sin aviso previo,  en el contenido de su sitio web. Tanto en lo referente a los contenidos  del sitio  web,  como  en las condiciones  de uso del mismo,  o en las condiciones  generales  de contrataci\u00f3n.  Dichas modificaciones  podr\u00e1n realizarse  a trav\u00e9s  de su sitio web por cualquier  forma admisible  en derecho y ser\u00e1n de obligado  cumplimiento  durante  el  tiempo  en  que  se  encuentren  publicadas  en  el web  y  hasta  que  no  sean modificadas  v\u00e1lidamente  por otras posteriores.<\/p>\n<p><b>PROPIEDAD INTELECTUAL E INDUSTRIAL<\/b><\/p>\n<p>AJUNTAMENT  DE VILAFRANCA  DE BONANY  por s\u00ed misma o como cesionaria, es titular de todos los derechos de  propiedad  intelectual  e  industrial  de  su  p\u00e1gina  web, as\u00ed como de los elementos  contenidos  en la misma (a t\u00edtulo  enunciativo,  im\u00e1genes,  sonido,  audio,  v\u00eddeo,  software  o  textos;  marcas  o  logotipos,  combinaciones  de colores, estructura y dise\u00f1o, selecci\u00f3n de materiales usados, programas de ordenador necesarios para su funcionamiento, acceso y uso, etc.), titularidad de AJUNTAMENT DE VILAFRANCA DE BONANY. Ser\u00e1n, por consiguiente,   obras   protegidas   como  propiedad   intelectual   por  el  ordenamiento   jur\u00eddico   espa\u00f1ol,   si\u00e9ndoles aplicables  tanto la normativa espa\u00f1ola y comunitaria en este campo, como los tratados internacionales  relativos a la materia  y suscritos por Espa\u00f1a.<\/p>\n<p>Todos   los   derechos   reservados.   En  virtud  de  lo  dispuesto   en  la  Ley   de  Propiedad   Intelectual,   quedan expresamente   prohibidas   la  reproducci\u00f3n,   la  distribuci\u00f3n  y  la  comunicaci\u00f3n  p\u00fablica,  incluida  su  modalidad  de puesta  a  disposici\u00f3n,  de  la  totalidad  o  parte  de los contenidos  de esta p\u00e1gina web, con fines  comerciales,  en cualquier  soporte  y  por  cualquier  medio  t\u00e9cnico,  sin  la  autorizaci\u00f3n  de  AJUNTAMENT  DE  VILAFRANCA  DE BONANY.<\/p>\n<p>El  usuario   se   compromete   a   respetar   los   derechos   de   Propiedad   Intelectual   e   Industrial  titularidad   de AJUNTAMENT  DE  VILAFRANCA  DE  BONANY.  Podr\u00e1  visualizar  los elementos  del portal e incluso imprimirlos, copiarlos  y almacenarlos  en el disco duro de su ordenador  o en cualquier  otro soporte f\u00edsico siempre y cuando sea, \u00fanica y exclusivamente,  para su uso personal y privado.  El usuario deber\u00e1 abstenerse de suprimir, alterar, eludir  o  manipular  cualquier  dispositivo  de  protecci\u00f3n  o  sistema  de  seguridad  que  estuviera  instalado  en   las p\u00e1ginas  de AJUNTAMENT  DE VILAFRANCA  DE BONANY.<\/p>\n<p><b>CERTIFICADO SSL (SECURE SOCKETS LAYER)<\/b><\/p>\n<p>El CERTIFICADO  SSL proporciona  autenticaci\u00f3n,  privacidad  y seguridad  de la informaci\u00f3n  entre AJUNTAMENT DE VILAFRANCA  DE BONANY  y el usuario.<\/p>\n<p>AJUNTAMENT   DE  VILAFRANCA   DE  BONANY   dispone   de  un  certificado  de  seguridad  que  se  utiliza  por CERTIFICADO  SSL para realizar conexiones  seguras.<\/p>\n<p>En  este  proceso  se  establecen  varios  par\u00e1metros  para  realizar  la  conexi\u00f3n  de  forma  segura y se establece usando  llaves  preestablecidas,  codificando  y descodificando  todos los datos enviados hasta que la conexi\u00f3n sea cerrada. <\/p>\n<p><b>ACCIONES LEGALES, LEGISLACI\u00d3N APLICABLE Y JURISDICCI\u00d3N<\/b><\/p>\n<p>AJUNTAMENT   DE  VILAFRANCA  DE  BONANY  se  reserva,  asimismo,  la  facultad  de  presentar  las  acciones civiles  o  penales  que  considere  oportunas  por  la  utiliz aci\u00f3n  indebida  de  su  sitio  web  y  contenidos,  o  por  el incumplimiento   de las presentes condiciones.<\/p>\n<p>La  relaci\u00f3n  entre  el usuario  y  el prestador  se  regir\u00e1  por  la  normativa  vigente  y  de  aplicaci\u00f3n  en  el territorio espa\u00f1ol.  De  surgir  cualquier  controversia  las  partes  podr\u00e1n  someter  sus  conflictos  a  arbitraje  o  acudir  a  la jurisdicci\u00f3n  ordinaria  cumpliendo  con  las  normas  sobre  jurisdicci\u00f3n  y  competencia  al respecto.  AJUNTAMENT DE VILAFRANCA  DE BONANY  tiene su domicilio  en ILLES BALEARS,  Espa\u00f1a.<\/p>\n<p>Los  contratos  celebrados  por  v\u00eda  electr\u00f3nica  en  los que intervenga  como parte un consumidor  se presumir\u00e1n celebrados  en el lugar en que \u00e9ste tenga su residencia habitual.<\/p>\n<p>Los   contratos   electr\u00f3nicos   entre  empresarios   o  profesionales,   en  defecto   de  pacto  entre  las   partes,   se presumir\u00e1n celebrados  en el lugar en que est\u00e9 establecido  el prestador de servicios.<\/p>\n<\/p>\n<p>\u00daLTIMA ACTUALIZACI\u00d3N: 12 de enero de 2023<\/p>\n<\/div><\/div><\/div><\/div><\/div>\n","protected":false},"excerpt":{"rendered":"","protected":false},"author":1,"featured_media":0,"parent":0,"menu_order":0,"comment_status":"closed","ping_status":"closed","template":"","meta":{"_acf_changed":false,"footnotes":""},"class_list":["post-2941","page","type-page","status-publish","hentry"],"acf":[],"yoast_head":"<!-- This site is optimized with the Yoast SEO plugin v27.0 - https:\/\/yoast.com\/product\/yoast-seo-wordpress\/ -->\n<title>Aviso Legal - Ajuntament de Vilafranca de Bonany<\/title>\n<meta name=\"robots\" content=\"index, follow, max-snippet:-1, max-image-preview:large, max-video-preview:-1\" \/>\n<link rel=\"canonical\" href=\"https:\/\/ajvilafrancadebonany.net\/es\/aviso-legal\/\" \/>\n<meta property=\"og:locale\" content=\"es_ES\" \/>\n<meta property=\"og:type\" content=\"article\" \/>\n<meta property=\"og:title\" content=\"Aviso Legal - Ajuntament de Vilafranca de Bonany\" \/>\n<meta property=\"og:url\" content=\"https:\/\/ajvilafrancadebonany.net\/es\/aviso-legal\/\" \/>\n<meta property=\"og:site_name\" content=\"Ajuntament de Vilafranca de Bonany\" \/>\n<meta property=\"article:publisher\" content=\"https:\/\/www.facebook.com\/ajvilafrancadebonany\" \/>\n<meta property=\"article:modified_time\" content=\"2023-02-03T12:24:20+00:00\" \/>\n<meta property=\"og:image\" content=\"https:\/\/ajvilafrancadebonany.net\/wp-content\/uploads\/2022\/01\/logo-ajuntament-vilafranca-de-bonany.png\" \/>\n\t<meta property=\"og:image:width\" content=\"719\" \/>\n\t<meta property=\"og:image:height\" content=\"304\" \/>\n\t<meta property=\"og:image:type\" content=\"image\/png\" \/>\n<meta name=\"twitter:card\" content=\"summary_large_image\" \/>\n<meta name=\"twitter:label1\" content=\"Tiempo de lectura\" \/>\n\t<meta name=\"twitter:data1\" content=\"2 minutos\" \/>\n<script type=\"application\/ld+json\" class=\"yoast-schema-graph\">{\"@context\":\"https:\/\/schema.org\",\"@graph\":[{\"@type\":\"WebPage\",\"@id\":\"https:\/\/ajvilafrancadebonany.net\/es\/aviso-legal\/\",\"url\":\"https:\/\/ajvilafrancadebonany.net\/es\/aviso-legal\/\",\"name\":\"Aviso Legal - Ajuntament de Vilafranca de Bonany\",\"isPartOf\":{\"@id\":\"https:\/\/ajvilafrancadebonany.net\/#website\"},\"datePublished\":\"2022-11-23T10:23:00+00:00\",\"dateModified\":\"2023-02-03T12:24:20+00:00\",\"breadcrumb\":{\"@id\":\"https:\/\/ajvilafrancadebonany.net\/es\/aviso-legal\/#breadcrumb\"},\"inLanguage\":\"es\",\"potentialAction\":[{\"@type\":\"ReadAction\",\"target\":[\"https:\/\/ajvilafrancadebonany.net\/es\/aviso-legal\/\"]}]},{\"@type\":\"BreadcrumbList\",\"@id\":\"https:\/\/ajvilafrancadebonany.net\/es\/aviso-legal\/#breadcrumb\",\"itemListElement\":[{\"@type\":\"ListItem\",\"position\":1,\"name\":\"Portada\",\"item\":\"https:\/\/ajvilafrancadebonany.net\/es\/\"},{\"@type\":\"ListItem\",\"position\":2,\"name\":\"Aviso Legal\"}]},{\"@type\":\"WebSite\",\"@id\":\"https:\/\/ajvilafrancadebonany.net\/#website\",\"url\":\"https:\/\/ajvilafrancadebonany.net\/\",\"name\":\"Ajuntament de Vilafranca de Bonany\",\"description\":\"La web oficial del Ajuntament de Vilafranca de Bonany\",\"publisher\":{\"@id\":\"https:\/\/ajvilafrancadebonany.net\/#organization\"},\"alternateName\":\"Ajuntament Vilafranca\",\"potentialAction\":[{\"@type\":\"SearchAction\",\"target\":{\"@type\":\"EntryPoint\",\"urlTemplate\":\"https:\/\/ajvilafrancadebonany.net\/?s={search_term_string}\"},\"query-input\":{\"@type\":\"PropertyValueSpecification\",\"valueRequired\":true,\"valueName\":\"search_term_string\"}}],\"inLanguage\":\"es\"},{\"@type\":\"Organization\",\"@id\":\"https:\/\/ajvilafrancadebonany.net\/#organization\",\"name\":\"Ajuntament de Vilafranca de Bonany\",\"url\":\"https:\/\/ajvilafrancadebonany.net\/\",\"logo\":{\"@type\":\"ImageObject\",\"inLanguage\":\"es\",\"@id\":\"https:\/\/ajvilafrancadebonany.net\/#\/schema\/logo\/image\/\",\"url\":\"https:\/\/ajvilafrancadebonany.net\/wp-content\/uploads\/2023\/03\/Ajuntament-de-Vilafranca-de-Bonany.jpg\",\"contentUrl\":\"https:\/\/ajvilafrancadebonany.net\/wp-content\/uploads\/2023\/03\/Ajuntament-de-Vilafranca-de-Bonany.jpg\",\"width\":480,\"height\":180,\"caption\":\"Ajuntament de Vilafranca de Bonany\"},\"image\":{\"@id\":\"https:\/\/ajvilafrancadebonany.net\/#\/schema\/logo\/image\/\"},\"sameAs\":[\"https:\/\/www.facebook.com\/ajvilafrancadebonany\",\"https:\/\/www.instagram.com\/ajvilafrancadebonany\/\"]}]}<\/script>\n<!-- \/ Yoast SEO plugin. -->","yoast_head_json":{"title":"Aviso Legal - Ajuntament de Vilafranca de Bonany","robots":{"index":"index","follow":"follow","max-snippet":"max-snippet:-1","max-image-preview":"max-image-preview:large","max-video-preview":"max-video-preview:-1"},"canonical":"https:\/\/ajvilafrancadebonany.net\/es\/aviso-legal\/","og_locale":"es_ES","og_type":"article","og_title":"Aviso Legal - Ajuntament de Vilafranca de Bonany","og_url":"https:\/\/ajvilafrancadebonany.net\/es\/aviso-legal\/","og_site_name":"Ajuntament de Vilafranca de Bonany","article_publisher":"https:\/\/www.facebook.com\/ajvilafrancadebonany","article_modified_time":"2023-02-03T12:24:20+00:00","og_image":[{"width":719,"height":304,"url":"https:\/\/ajvilafrancadebonany.net\/wp-content\/uploads\/2022\/01\/logo-ajuntament-vilafranca-de-bonany.png","type":"image\/png"}],"twitter_card":"summary_large_image","twitter_misc":{"Tiempo de lectura":"2 minutos"},"schema":{"@context":"https:\/\/schema.org","@graph":[{"@type":"WebPage","@id":"https:\/\/ajvilafrancadebonany.net\/es\/aviso-legal\/","url":"https:\/\/ajvilafrancadebonany.net\/es\/aviso-legal\/","name":"Aviso Legal - Ajuntament de Vilafranca de Bonany","isPartOf":{"@id":"https:\/\/ajvilafrancadebonany.net\/#website"},"datePublished":"2022-11-23T10:23:00+00:00","dateModified":"2023-02-03T12:24:20+00:00","breadcrumb":{"@id":"https:\/\/ajvilafrancadebonany.net\/es\/aviso-legal\/#breadcrumb"},"inLanguage":"es","potentialAction":[{"@type":"ReadAction","target":["https:\/\/ajvilafrancadebonany.net\/es\/aviso-legal\/"]}]},{"@type":"BreadcrumbList","@id":"https:\/\/ajvilafrancadebonany.net\/es\/aviso-legal\/#breadcrumb","itemListElement":[{"@type":"ListItem","position":1,"name":"Portada","item":"https:\/\/ajvilafrancadebonany.net\/es\/"},{"@type":"ListItem","position":2,"name":"Aviso Legal"}]},{"@type":"WebSite","@id":"https:\/\/ajvilafrancadebonany.net\/#website","url":"https:\/\/ajvilafrancadebonany.net\/","name":"Ajuntament de Vilafranca de Bonany","description":"La web oficial del Ajuntament de Vilafranca de Bonany","publisher":{"@id":"https:\/\/ajvilafrancadebonany.net\/#organization"},"alternateName":"Ajuntament Vilafranca","potentialAction":[{"@type":"SearchAction","target":{"@type":"EntryPoint","urlTemplate":"https:\/\/ajvilafrancadebonany.net\/?s={search_term_string}"},"query-input":{"@type":"PropertyValueSpecification","valueRequired":true,"valueName":"search_term_string"}}],"inLanguage":"es"},{"@type":"Organization","@id":"https:\/\/ajvilafrancadebonany.net\/#organization","name":"Ajuntament de Vilafranca de Bonany","url":"https:\/\/ajvilafrancadebonany.net\/","logo":{"@type":"ImageObject","inLanguage":"es","@id":"https:\/\/ajvilafrancadebonany.net\/#\/schema\/logo\/image\/","url":"https:\/\/ajvilafrancadebonany.net\/wp-content\/uploads\/2023\/03\/Ajuntament-de-Vilafranca-de-Bonany.jpg","contentUrl":"https:\/\/ajvilafrancadebonany.net\/wp-content\/uploads\/2023\/03\/Ajuntament-de-Vilafranca-de-Bonany.jpg","width":480,"height":180,"caption":"Ajuntament de Vilafranca de Bonany"},"image":{"@id":"https:\/\/ajvilafrancadebonany.net\/#\/schema\/logo\/image\/"},"sameAs":["https:\/\/www.facebook.com\/ajvilafrancadebonany","https:\/\/www.instagram.com\/ajvilafrancadebonany\/"]}]}},"_links":{"self":[{"href":"https:\/\/ajvilafrancadebonany.net\/es\/wp-json\/wp\/v2\/pages\/2941","targetHints":{"allow":["GET"]}}],"collection":[{"href":"https:\/\/ajvilafrancadebonany.net\/es\/wp-json\/wp\/v2\/pages"}],"about":[{"href":"https:\/\/ajvilafrancadebonany.net\/es\/wp-json\/wp\/v2\/types\/page"}],"author":[{"embeddable":true,"href":"https:\/\/ajvilafrancadebonany.net\/es\/wp-json\/wp\/v2\/users\/1"}],"replies":[{"embeddable":true,"href":"https:\/\/ajvilafrancadebonany.net\/es\/wp-json\/wp\/v2\/comments?post=2941"}],"version-history":[{"count":3,"href":"https:\/\/ajvilafrancadebonany.net\/es\/wp-json\/wp\/v2\/pages\/2941\/revisions"}],"predecessor-version":[{"id":3656,"href":"https:\/\/ajvilafrancadebonany.net\/es\/wp-json\/wp\/v2\/pages\/2941\/revisions\/3656"}],"wp:attachment":[{"href":"https:\/\/ajvilafrancadebonany.net\/es\/wp-json\/wp\/v2\/media?parent=2941"}],"curies":[{"name":"wp","href":"https:\/\/api.w.org\/{rel}","templated":true}]}}