{"id":2962,"date":"2022-11-23T11:08:08","date_gmt":"2022-11-23T11:08:08","guid":{"rendered":"https:\/\/ajvilafrancadebonany.net\/?page_id=2962"},"modified":"2023-02-15T12:27:16","modified_gmt":"2023-02-15T12:27:16","slug":"escuela-musica","status":"publish","type":"page","link":"https:\/\/ajvilafrancadebonany.net\/es\/escuela-musica\/","title":{"rendered":"Escuela de M\u00fasica"},"content":{"rendered":"<p><div class=\"fusion-fullwidth fullwidth-box fusion-builder-row-1 fusion-flex-container nonhundred-percent-fullwidth non-hundred-percent-height-scrolling\" style=\"--awb-border-radius-top-left:0px;--awb-border-radius-top-right:0px;--awb-border-radius-bottom-right:0px;--awb-border-radius-bottom-left:0px;--awb-flex-wrap:wrap;\" ><div class=\"fusion-builder-row fusion-row fusion-flex-align-items-flex-start fusion-flex-content-wrap\" style=\"max-width:1331.2px;margin-left: calc(-4% \/ 2 );margin-right: calc(-4% \/ 2 );\"><\/div><\/div><div class=\"fusion-fullwidth fullwidth-box fusion-builder-row-2 fusion-flex-container nonhundred-percent-fullwidth non-hundred-percent-height-scrolling\" style=\"--awb-border-radius-top-left:0px;--awb-border-radius-top-right:0px;--awb-border-radius-bottom-right:0px;--awb-border-radius-bottom-left:0px;--awb-flex-wrap:wrap;\" ><div class=\"fusion-builder-row fusion-row fusion-flex-align-items-flex-start fusion-flex-content-wrap\" style=\"max-width:1331.2px;margin-left: calc(-4% \/ 2 );margin-right: calc(-4% \/ 2 );\"><div class=\"fusion-layout-column fusion_builder_column fusion-builder-column-0 fusion_builder_column_1_6 1_6 fusion-flex-column\" style=\"--awb-bg-size:cover;--awb-width-large:16.666666666667%;--awb-margin-top-large:10px;--awb-spacing-right-large:11.52%;--awb-margin-bottom-large:10px;--awb-spacing-left-large:11.52%;--awb-width-medium:100%;--awb-order-medium:0;--awb-spacing-right-medium:1.92%;--awb-spacing-left-medium:1.92%;--awb-width-small:100%;--awb-order-small:0;--awb-spacing-right-small:1.92%;--awb-spacing-left-small:1.92%;\"><div class=\"fusion-column-wrapper fusion-column-has-shadow fusion-flex-justify-content-flex-start fusion-content-layout-column\"><\/div><\/div><div class=\"fusion-layout-column fusion_builder_column fusion-builder-column-1 fusion_builder_column_2_3 2_3 fusion-flex-column\" style=\"--awb-bg-size:cover;--awb-width-large:66.666666666667%;--awb-margin-top-large:10px;--awb-spacing-right-large:2.88%;--awb-margin-bottom-large:10px;--awb-spacing-left-large:2.88%;--awb-width-medium:100%;--awb-order-medium:0;--awb-spacing-right-medium:1.92%;--awb-spacing-left-medium:1.92%;--awb-width-small:100%;--awb-order-small:0;--awb-spacing-right-small:1.92%;--awb-spacing-left-small:1.92%;\"><div class=\"fusion-column-wrapper fusion-column-has-shadow fusion-flex-justify-content-flex-start fusion-content-layout-column\"><div class=\"fusion-title title fusion-title-1 fusion-sep-none fusion-title-text fusion-title-size-one\"><h1 class=\"fusion-title-heading title-heading-left fusion-responsive-typography-calculated\" style=\"margin:0;--fontSize:55;line-height:1.15;\"><h2 style=\"text-align: center;\">Datos de inter\u00e9s<\/h2><\/h1><\/div><div class=\"fusion-text fusion-text-1\"><p style=\"text-align: center;\">Tel\u00e9fono Informaci\u00f3n: 971 83 21 07 &#8211; Ayuntamiento<br \/>\nDirecci\u00f3n: Sant Mart\u00ed, 25 A<br \/>\n07250 Vilafranca de Bonany<br \/>\nDirectora: Mar\u00eda Francisca Bau\u00e7\u00e0 Sastre<br \/>\nHorario: de lunes a viernes de 8:00h a 15:00h y de martes de 8:00h a 18:00h<\/p>\n<\/div><div class=\"fusion-title title fusion-title-2 fusion-sep-none fusion-title-text fusion-title-size-one\"><h1 class=\"fusion-title-heading title-heading-left fusion-responsive-typography-calculated\" style=\"margin:0;--fontSize:55;line-height:1.15;\"><h2 style=\"text-align: center;\">Servicios<\/h2><\/h1><\/div><div class=\"fusion-text fusion-text-2\"><p>La Escuela Municipal de M\u00fasica y Danza de Vilafranca ofrece una amplia oferta musical para todos aqu\u00e9llos que deseen adentrarse dentro del mundo de la m\u00fasica. A continuaci\u00f3n os ofrecemos una muestra de Informaci\u00f3n sobre los servicios que se realizan:<\/p>\n<ul>\n<li>Iniciaci\u00f3n musical 1 y 2<\/li>\n<li>Piano<\/li>\n<li>Lenguaje musical<\/li>\n<li>Bater\u00eda<\/li>\n<li>Guitarra cl\u00e1sica<\/li>\n<li>Guitarra el\u00e9ctrica<\/li>\n<li>Bajo<\/li>\n<li>Flauta travesera<\/li>\n<li>Combo<\/li>\n<li><strong>NOVEDAD! Vilatucada<\/strong><\/li>\n<\/ul>\n<p>Adem\u00e1s de todas estas actividades, tambi\u00e9n se obre la posibilidad de ampliar los servicios musicales seg\u00fan la demanda, de manera que se tenga alguna preferencia pod\u00e9is hacerla llegar aqu\u00ed e intentaremos, desde la Escuela de M\u00fasica y Danza, hacer realizad vuestra petici\u00f3n. <\/p>\n<\/div><div class=\"fusion-text fusion-text-3\"><p><a href=\"https:\/\/ajvilafrancadebonany.net\/wp-content\/uploads\/2022\/02\/reglament_de_regim_intern_escola_de_musica.pdf\">REGLAMENTO DE R\u00c9GIMEN INTERN<\/a>O<br \/>\n<a href=\"https:\/\/ajvilafrancadebonany.net\/wp-content\/uploads\/2022\/02\/PLA-DE-CONTINGE\u0300NCIA-2021-2022.pdf\">PLAN DE CONTINGENCIA curso 2021-2022<\/a><\/p>\n<\/div><\/div><\/div><div class=\"fusion-layout-column fusion_builder_column fusion-builder-column-2 fusion_builder_column_1_6 1_6 fusion-flex-column\" style=\"--awb-bg-size:cover;--awb-width-large:16.666666666667%;--awb-margin-top-large:10px;--awb-spacing-right-large:11.52%;--awb-margin-bottom-large:10px;--awb-spacing-left-large:11.52%;--awb-width-medium:100%;--awb-order-medium:0;--awb-spacing-right-medium:1.92%;--awb-spacing-left-medium:1.92%;--awb-width-small:100%;--awb-order-small:0;--awb-spacing-right-small:1.92%;--awb-spacing-left-small:1.92%;\"><div class=\"fusion-column-wrapper fusion-column-has-shadow fusion-flex-justify-content-flex-start fusion-content-layout-column\"><\/div><\/div><\/div><\/div><div class=\"fusion-fullwidth fullwidth-box fusion-builder-row-3 fusion-flex-container nonhundred-percent-fullwidth non-hundred-percent-height-scrolling\" style=\"--awb-border-radius-top-left:0px;--awb-border-radius-top-right:0px;--awb-border-radius-bottom-right:0px;--awb-border-radius-bottom-left:0px;--awb-flex-wrap:wrap;\" ><div class=\"fusion-builder-row fusion-row fusion-flex-align-items-flex-start fusion-flex-content-wrap\" style=\"max-width:1331.2px;margin-left: calc(-4% \/ 2 );margin-right: calc(-4% \/ 2 );\"><div class=\"fusion-layout-column fusion_builder_column fusion-builder-column-3 fusion_builder_column_1_1 1_1 fusion-flex-column\" style=\"--awb-bg-size:cover;--awb-width-large:100%;--awb-margin-top-large:10px;--awb-spacing-right-large:1.92%;--awb-margin-bottom-large:10px;--awb-spacing-left-large:1.92%;--awb-width-medium:100%;--awb-order-medium:0;--awb-spacing-right-medium:1.92%;--awb-spacing-left-medium:1.92%;--awb-width-small:100%;--awb-order-small:0;--awb-spacing-right-small:1.92%;--awb-spacing-left-small:1.92%;\"><div class=\"fusion-column-wrapper fusion-column-has-shadow fusion-flex-justify-content-flex-start fusion-content-layout-column\"><div class=\"awb-gallery-wrapper awb-gallery-wrapper-1 button-span-no\"><div style=\"margin:-5px;--awb-bordersize:0px;\" class=\"fusion-gallery fusion-gallery-container fusion-grid-4 fusion-columns-total-4 fusion-gallery-layout-grid fusion-gallery-1\"><div style=\"padding:5px;\" class=\"fusion-grid-column fusion-gallery-column fusion-gallery-column-4 hover-type-none\"><div class=\"fusion-gallery-image\"><a href=\"https:\/\/ajvilafrancadebonany.net\/wp-content\/uploads\/2022\/02\/escola-musica-4.jpeg\" rel=\"noreferrer\" data-rel=\"iLightbox[gallery_image_1]\" class=\"fusion-lightbox\" target=\"_self\"><img decoding=\"async\" src=\"https:\/\/ajvilafrancadebonany.net\/wp-content\/uploads\/2022\/02\/escola-musica-4.jpeg\" width=\"\" height=\"\" alt=\"\" title=\"escola musica 4\" aria-label=\"escola musica 4\" class=\"img-responsive wp-image-2788\"  \/><\/a><\/div><\/div><div style=\"padding:5px;\" class=\"fusion-grid-column fusion-gallery-column fusion-gallery-column-4 hover-type-none\"><div class=\"fusion-gallery-image\"><a href=\"https:\/\/ajvilafrancadebonany.net\/wp-content\/uploads\/2022\/02\/escola-musica-3.jpeg\" rel=\"noreferrer\" data-rel=\"iLightbox[gallery_image_1]\" class=\"fusion-lightbox\" target=\"_self\"><img decoding=\"async\" src=\"https:\/\/ajvilafrancadebonany.net\/wp-content\/uploads\/2022\/02\/escola-musica-3.jpeg\" width=\"\" height=\"\" alt=\"\" title=\"escola musica 3\" aria-label=\"escola musica 3\" class=\"img-responsive wp-image-2787\"  \/><\/a><\/div><\/div><div style=\"padding:5px;\" class=\"fusion-grid-column fusion-gallery-column fusion-gallery-column-4 hover-type-none\"><div class=\"fusion-gallery-image\"><a href=\"https:\/\/ajvilafrancadebonany.net\/wp-content\/uploads\/2022\/02\/escola-musica-2.jpeg\" rel=\"noreferrer\" data-rel=\"iLightbox[gallery_image_1]\" class=\"fusion-lightbox\" target=\"_self\"><img decoding=\"async\" src=\"https:\/\/ajvilafrancadebonany.net\/wp-content\/uploads\/2022\/02\/escola-musica-2.jpeg\" width=\"\" height=\"\" alt=\"\" title=\"escola musica 2\" aria-label=\"escola musica 2\" class=\"img-responsive wp-image-2786\"  \/><\/a><\/div><\/div><div style=\"padding:5px;\" class=\"fusion-grid-column fusion-gallery-column fusion-gallery-column-4 hover-type-none\"><div class=\"fusion-gallery-image\"><a href=\"https:\/\/ajvilafrancadebonany.net\/wp-content\/uploads\/2022\/02\/escola-musica-1.jpeg\" rel=\"noreferrer\" data-rel=\"iLightbox[gallery_image_1]\" class=\"fusion-lightbox\" target=\"_self\"><img decoding=\"async\" src=\"https:\/\/ajvilafrancadebonany.net\/wp-content\/uploads\/2022\/02\/escola-musica-1.jpeg\" width=\"\" height=\"\" alt=\"\" title=\"escola musica 1\" aria-label=\"escola musica 1\" class=\"img-responsive wp-image-2785\"  \/><\/a><\/div><\/div><div class=\"clearfix\"><\/div><\/div><\/div><\/div><\/div><\/div><\/div><\/p>\n","protected":false},"excerpt":{"rendered":"","protected":false},"author":1,"featured_media":0,"parent":0,"menu_order":0,"comment_status":"closed","ping_status":"closed","template":"","meta":{"_acf_changed":false,"footnotes":""},"class_list":["post-2962","page","type-page","status-publish","hentry"],"acf":[],"yoast_head":"<!-- This site is optimized with the Yoast SEO plugin v27.0 - https:\/\/yoast.com\/product\/yoast-seo-wordpress\/ -->\n<title>Escuela de M\u00fasica - Ajuntament de Vilafranca de Bonany<\/title>\n<meta name=\"robots\" content=\"index, follow, max-snippet:-1, max-image-preview:large, max-video-preview:-1\" \/>\n<link rel=\"canonical\" href=\"https:\/\/ajvilafrancadebonany.net\/es\/escuela-musica\/\" \/>\n<meta property=\"og:locale\" content=\"es_ES\" \/>\n<meta property=\"og:type\" content=\"article\" \/>\n<meta property=\"og:title\" content=\"Escuela de M\u00fasica - Ajuntament de Vilafranca de Bonany\" \/>\n<meta property=\"og:url\" content=\"https:\/\/ajvilafrancadebonany.net\/es\/escuela-musica\/\" \/>\n<meta property=\"og:site_name\" content=\"Ajuntament de Vilafranca de Bonany\" \/>\n<meta property=\"article:publisher\" content=\"https:\/\/www.facebook.com\/ajvilafrancadebonany\" \/>\n<meta property=\"article:modified_time\" content=\"2023-02-15T12:27:16+00:00\" \/>\n<meta property=\"og:image\" content=\"https:\/\/ajvilafrancadebonany.net\/wp-content\/uploads\/2022\/01\/logo-ajuntament-vilafranca-de-bonany.png\" \/>\n\t<meta property=\"og:image:width\" content=\"719\" \/>\n\t<meta property=\"og:image:height\" content=\"304\" \/>\n\t<meta property=\"og:image:type\" content=\"image\/png\" \/>\n<meta name=\"twitter:card\" content=\"summary_large_image\" \/>\n<meta name=\"twitter:label1\" content=\"Tiempo de lectura\" \/>\n\t<meta name=\"twitter:data1\" content=\"4 minutos\" \/>\n<script type=\"application\/ld+json\" class=\"yoast-schema-graph\">{\"@context\":\"https:\/\/schema.org\",\"@graph\":[{\"@type\":\"WebPage\",\"@id\":\"https:\/\/ajvilafrancadebonany.net\/es\/escuela-musica\/\",\"url\":\"https:\/\/ajvilafrancadebonany.net\/es\/escuela-musica\/\",\"name\":\"Escuela de M\u00fasica - Ajuntament de Vilafranca de Bonany\",\"isPartOf\":{\"@id\":\"https:\/\/ajvilafrancadebonany.net\/#website\"},\"datePublished\":\"2022-11-23T11:08:08+00:00\",\"dateModified\":\"2023-02-15T12:27:16+00:00\",\"breadcrumb\":{\"@id\":\"https:\/\/ajvilafrancadebonany.net\/es\/escuela-musica\/#breadcrumb\"},\"inLanguage\":\"es\",\"potentialAction\":[{\"@type\":\"ReadAction\",\"target\":[\"https:\/\/ajvilafrancadebonany.net\/es\/escuela-musica\/\"]}]},{\"@type\":\"BreadcrumbList\",\"@id\":\"https:\/\/ajvilafrancadebonany.net\/es\/escuela-musica\/#breadcrumb\",\"itemListElement\":[{\"@type\":\"ListItem\",\"position\":1,\"name\":\"Portada\",\"item\":\"https:\/\/ajvilafrancadebonany.net\/es\/\"},{\"@type\":\"ListItem\",\"position\":2,\"name\":\"Escuela de M\u00fasica\"}]},{\"@type\":\"WebSite\",\"@id\":\"https:\/\/ajvilafrancadebonany.net\/#website\",\"url\":\"https:\/\/ajvilafrancadebonany.net\/\",\"name\":\"Ajuntament de Vilafranca de Bonany\",\"description\":\"La web oficial del Ajuntament de Vilafranca de Bonany\",\"publisher\":{\"@id\":\"https:\/\/ajvilafrancadebonany.net\/#organization\"},\"alternateName\":\"Ajuntament Vilafranca\",\"potentialAction\":[{\"@type\":\"SearchAction\",\"target\":{\"@type\":\"EntryPoint\",\"urlTemplate\":\"https:\/\/ajvilafrancadebonany.net\/?s={search_term_string}\"},\"query-input\":{\"@type\":\"PropertyValueSpecification\",\"valueRequired\":true,\"valueName\":\"search_term_string\"}}],\"inLanguage\":\"es\"},{\"@type\":\"Organization\",\"@id\":\"https:\/\/ajvilafrancadebonany.net\/#organization\",\"name\":\"Ajuntament de Vilafranca de Bonany\",\"url\":\"https:\/\/ajvilafrancadebonany.net\/\",\"logo\":{\"@type\":\"ImageObject\",\"inLanguage\":\"es\",\"@id\":\"https:\/\/ajvilafrancadebonany.net\/#\/schema\/logo\/image\/\",\"url\":\"https:\/\/ajvilafrancadebonany.net\/wp-content\/uploads\/2023\/03\/Ajuntament-de-Vilafranca-de-Bonany.jpg\",\"contentUrl\":\"https:\/\/ajvilafrancadebonany.net\/wp-content\/uploads\/2023\/03\/Ajuntament-de-Vilafranca-de-Bonany.jpg\",\"width\":480,\"height\":180,\"caption\":\"Ajuntament de Vilafranca de Bonany\"},\"image\":{\"@id\":\"https:\/\/ajvilafrancadebonany.net\/#\/schema\/logo\/image\/\"},\"sameAs\":[\"https:\/\/www.facebook.com\/ajvilafrancadebonany\",\"https:\/\/www.instagram.com\/ajvilafrancadebonany\/\"]}]}<\/script>\n<!-- \/ Yoast SEO plugin. -->","yoast_head_json":{"title":"Escuela de M\u00fasica - Ajuntament de Vilafranca de Bonany","robots":{"index":"index","follow":"follow","max-snippet":"max-snippet:-1","max-image-preview":"max-image-preview:large","max-video-preview":"max-video-preview:-1"},"canonical":"https:\/\/ajvilafrancadebonany.net\/es\/escuela-musica\/","og_locale":"es_ES","og_type":"article","og_title":"Escuela de M\u00fasica - Ajuntament de Vilafranca de Bonany","og_url":"https:\/\/ajvilafrancadebonany.net\/es\/escuela-musica\/","og_site_name":"Ajuntament de Vilafranca de Bonany","article_publisher":"https:\/\/www.facebook.com\/ajvilafrancadebonany","article_modified_time":"2023-02-15T12:27:16+00:00","og_image":[{"width":719,"height":304,"url":"https:\/\/ajvilafrancadebonany.net\/wp-content\/uploads\/2022\/01\/logo-ajuntament-vilafranca-de-bonany.png","type":"image\/png"}],"twitter_card":"summary_large_image","twitter_misc":{"Tiempo de lectura":"4 minutos"},"schema":{"@context":"https:\/\/schema.org","@graph":[{"@type":"WebPage","@id":"https:\/\/ajvilafrancadebonany.net\/es\/escuela-musica\/","url":"https:\/\/ajvilafrancadebonany.net\/es\/escuela-musica\/","name":"Escuela de M\u00fasica - Ajuntament de Vilafranca de Bonany","isPartOf":{"@id":"https:\/\/ajvilafrancadebonany.net\/#website"},"datePublished":"2022-11-23T11:08:08+00:00","dateModified":"2023-02-15T12:27:16+00:00","breadcrumb":{"@id":"https:\/\/ajvilafrancadebonany.net\/es\/escuela-musica\/#breadcrumb"},"inLanguage":"es","potentialAction":[{"@type":"ReadAction","target":["https:\/\/ajvilafrancadebonany.net\/es\/escuela-musica\/"]}]},{"@type":"BreadcrumbList","@id":"https:\/\/ajvilafrancadebonany.net\/es\/escuela-musica\/#breadcrumb","itemListElement":[{"@type":"ListItem","position":1,"name":"Portada","item":"https:\/\/ajvilafrancadebonany.net\/es\/"},{"@type":"ListItem","position":2,"name":"Escuela de M\u00fasica"}]},{"@type":"WebSite","@id":"https:\/\/ajvilafrancadebonany.net\/#website","url":"https:\/\/ajvilafrancadebonany.net\/","name":"Ajuntament de Vilafranca de Bonany","description":"La web oficial del Ajuntament de Vilafranca de Bonany","publisher":{"@id":"https:\/\/ajvilafrancadebonany.net\/#organization"},"alternateName":"Ajuntament Vilafranca","potentialAction":[{"@type":"SearchAction","target":{"@type":"EntryPoint","urlTemplate":"https:\/\/ajvilafrancadebonany.net\/?s={search_term_string}"},"query-input":{"@type":"PropertyValueSpecification","valueRequired":true,"valueName":"search_term_string"}}],"inLanguage":"es"},{"@type":"Organization","@id":"https:\/\/ajvilafrancadebonany.net\/#organization","name":"Ajuntament de Vilafranca de Bonany","url":"https:\/\/ajvilafrancadebonany.net\/","logo":{"@type":"ImageObject","inLanguage":"es","@id":"https:\/\/ajvilafrancadebonany.net\/#\/schema\/logo\/image\/","url":"https:\/\/ajvilafrancadebonany.net\/wp-content\/uploads\/2023\/03\/Ajuntament-de-Vilafranca-de-Bonany.jpg","contentUrl":"https:\/\/ajvilafrancadebonany.net\/wp-content\/uploads\/2023\/03\/Ajuntament-de-Vilafranca-de-Bonany.jpg","width":480,"height":180,"caption":"Ajuntament de Vilafranca de Bonany"},"image":{"@id":"https:\/\/ajvilafrancadebonany.net\/#\/schema\/logo\/image\/"},"sameAs":["https:\/\/www.facebook.com\/ajvilafrancadebonany","https:\/\/www.instagram.com\/ajvilafrancadebonany\/"]}]}},"_links":{"self":[{"href":"https:\/\/ajvilafrancadebonany.net\/es\/wp-json\/wp\/v2\/pages\/2962","targetHints":{"allow":["GET"]}}],"collection":[{"href":"https:\/\/ajvilafrancadebonany.net\/es\/wp-json\/wp\/v2\/pages"}],"about":[{"href":"https:\/\/ajvilafrancadebonany.net\/es\/wp-json\/wp\/v2\/types\/page"}],"author":[{"embeddable":true,"href":"https:\/\/ajvilafrancadebonany.net\/es\/wp-json\/wp\/v2\/users\/1"}],"replies":[{"embeddable":true,"href":"https:\/\/ajvilafrancadebonany.net\/es\/wp-json\/wp\/v2\/comments?post=2962"}],"version-history":[{"count":3,"href":"https:\/\/ajvilafrancadebonany.net\/es\/wp-json\/wp\/v2\/pages\/2962\/revisions"}],"predecessor-version":[{"id":3670,"href":"https:\/\/ajvilafrancadebonany.net\/es\/wp-json\/wp\/v2\/pages\/2962\/revisions\/3670"}],"wp:attachment":[{"href":"https:\/\/ajvilafrancadebonany.net\/es\/wp-json\/wp\/v2\/media?parent=2962"}],"curies":[{"name":"wp","href":"https:\/\/api.w.org\/{rel}","templated":true}]}}