{"id":2984,"date":"2022-11-23T11:17:12","date_gmt":"2022-11-23T11:17:12","guid":{"rendered":"https:\/\/ajvilafrancadebonany.net\/?page_id=2984"},"modified":"2022-11-23T12:06:22","modified_gmt":"2022-11-23T12:06:22","slug":"politica-proteccion-datos","status":"publish","type":"page","link":"https:\/\/ajvilafrancadebonany.net\/es\/politica-proteccion-datos\/","title":{"rendered":"Pol\u00edtica de Protecci\u00f3n de datos"},"content":{"rendered":"<div class=\"fusion-fullwidth fullwidth-box fusion-builder-row-1 fusion-flex-container nonhundred-percent-fullwidth non-hundred-percent-height-scrolling\" style=\"--awb-border-radius-top-left:0px;--awb-border-radius-top-right:0px;--awb-border-radius-bottom-right:0px;--awb-border-radius-bottom-left:0px;--awb-flex-wrap:wrap;\" ><div class=\"fusion-builder-row fusion-row fusion-flex-align-items-flex-start fusion-flex-content-wrap\" style=\"max-width:1331.2px;margin-left: calc(-4% \/ 2 );margin-right: calc(-4% \/ 2 );\"><div class=\"fusion-layout-column fusion_builder_column fusion-builder-column-0 fusion_builder_column_1_1 1_1 fusion-flex-column\" style=\"--awb-bg-size:cover;--awb-width-large:100%;--awb-margin-top-large:10px;--awb-spacing-right-large:1.92%;--awb-margin-bottom-large:10px;--awb-spacing-left-large:1.92%;--awb-width-medium:100%;--awb-order-medium:0;--awb-spacing-right-medium:1.92%;--awb-spacing-left-medium:1.92%;--awb-width-small:100%;--awb-order-small:0;--awb-spacing-right-small:1.92%;--awb-spacing-left-small:1.92%;\"><div class=\"fusion-column-wrapper fusion-column-has-shadow fusion-flex-justify-content-flex-start fusion-content-layout-column\"><div class=\"fusion-text fusion-text-1\"><p>L\u2019AJUNTAMENT DE VILAFRANCA DE BONANY (d\u2019ara endavant, el responsable del tractament), assumeix la m\u00e0xima responsabilitat i comprom\u00eds en l\u2019establiment, implementaci\u00f3 i manteniment de la seg\u00fcent Pol\u00edtica de Protecci\u00f3 de Dades, garantint la millora cont\u00ednua del responsable del tractament amb l\u2019objectiu d\u2019arribar a la correcta relaci\u00f3 amb el compliment del Reglament (UE) 2016\/679 del Parlament Europeu i del Consell, de 27 d\u2019abril de 2016, en refer\u00e8ncia a la protecci\u00f3 de les persones f\u00edsiques per la refer\u00e8ncia al tractament de dades personals i a la lliure circulaci\u00f3 d\u2019aquestes dades i pel que es deroga la Directiva 95\/46\/CE (Reglament General de protecci\u00f3 de dades) (DOUE L 119\/1, 04-05-2019), i de la normativa espanyola de protecci\u00f3 de dades de car\u00e0cter personal (Llei Org\u00e0nica, legislaci\u00f3 sectorial espec\u00edfica i les seves normes de desenvolupament).<\/p>\n<p>La Pol\u00edtica de Protecci\u00f3 de Dades de l\u2019AJUNTAMENT DE VILAFRANCA DE BONANY s\u2019acull al principi de responsabilitat proactiva, segons la qual el responsable del tractament \u00e9s el responsable del compliment del marc negatiu i jurisprudencial que governa dita Pol\u00edtica, i \u00e9s capa\u00e7 de demostrar-lo davant les autoritats de control competents.<\/p>\n<p>En aquest sentit, el responsable del tractament es regir\u00e0 pels seg\u00fcents principis que han de servir a tot el seu personal com a guia i marc de refer\u00e8ncia en el tractament de dades personals:<\/p>\n<ol>\n<li><u>Protecci\u00f3 de dades des del disseny:<\/u>\u00a0el responsable del tractament aplicar\u00e0, tant en el moment de fixar els mitjans de tractament com en el moment del mateix tractament, mesures t\u00e8cniques i organitzatives correcte, com la pseudodominaci\u00f3, concebudes per aplicar de forma efectiva els principis de protecci\u00f3 de dades, com la minimitzaci\u00f3 de dades i integrar les garanties necess\u00e0ries en el tractament.<\/li>\n<\/ol>\n<ol start=\"2\">\n<li><u>Protecci\u00f3 de dades per defecte:<\/u>\u00a0el responsable del tractament aplicar\u00e0 les mesures t\u00e8cniques i organitzatives necess\u00e0ries dirigides a garantir que, per defecte, nom\u00e9s siguin objecte de tractament les dades personals que siguin necess\u00e0ries per cada una de les finalitats espec\u00edfiques del tractament.<\/li>\n<\/ol>\n<ol start=\"3\">\n<li><u>Protecci\u00f3 de dades en el cicle de vida de la informaci\u00f3:<\/u>\u00a0les mesures per garantir la protecci\u00f3 de dades personals seran aplicables durant el cicle complet de la vida de la informaci\u00f3.<\/li>\n<\/ol>\n<ol start=\"4\">\n<li><u>Licitud, lleialtat i transpar\u00e8ncia:<\/u>\u00a0\u00a0les dades personals seran tractades de manera l\u00edcita, lleial i transparent en relaci\u00f3 amb l\u2019interessat.<\/li>\n<\/ol>\n<ol start=\"5\">\n<li><u>Limitaci\u00f3 de la finalitat:<\/u>\u00a0recollirem les dades personals amb finalitats determinants, expl\u00edcits i leg\u00edtims, I no les tractarem de manera incompatible amb les anomenades finalitats.<\/li>\n<\/ol>\n<ol start=\"6\">\n<li><u>Minimitzaci\u00f3 de dades:<\/u>\u00a0les dades personals seran adequades, oportunes i limitades al que \u00e9s necessari en relaci\u00f3 amb les finalitats pel que s\u00f3n tractades.<\/li>\n<\/ol>\n<ol start=\"7\">\n<li><u>Precisi\u00f3:<\/u>\u00a0les dades personals seran exactes i, si f\u00f3ra necessari, actualitzades; s\u2019adoptaran totes les mesures raonables perqu\u00e8 es suprimeixin o rectifiquin les dades personals que no siguin exactes a l\u2019efecte de les finalitats pel que es tracten.<\/li>\n<\/ol>\n<ol start=\"8\">\n<li><u>Limitaci\u00f3 del termini de conservaci\u00f3:<\/u>\u00a0les dades personals es mantindran de la manera que es permeti la identificaci\u00f3 dels interessats durant no m\u00e9s del temps necessari per a l\u2019objectiu del tractament de les dades personals.<\/li>\n<\/ol>\n<ol start=\"9\">\n<li><u>Integritat i confidencialitat:<\/u>\u00a0les dades personals es tractaran de manera que \u00e9s garanteixi una seguretat adequada a les dades personals, inclosa la protecci\u00f3 contra el tractament no autoritzat o il\u00b7l\u00edcit i contra la seva p\u00e8rdua, destrucci\u00f3 o mal accidental, mitjan\u00e7ant l\u2019aplicaci\u00f3 de mesures t\u00e8cniques o organitzatives apropiades.<\/li>\n<\/ol>\n<ol start=\"10\">\n<li><u>Informaci\u00f3 i formaci\u00f3:<\/u>\u00a0una de les claus per garantir la protecci\u00f3 de les dades personals \u00e9s la formaci\u00f3 i informaci\u00f3 que es facilita al personal immers en el tractament d\u2019aquestes. Durant el cicle de vida de la informaci\u00f3, tot el personal amb acc\u00e9s a les dades ser\u00e0 degudament format i informat sobre les seves obligacions amb relaci\u00f3 al compliment de la normativa de protecci\u00f3 de dades.<\/li>\n<\/ol>\n<p>La Pol\u00edtica de Protecci\u00f3 de Dades de l\u2019<b>AJUNTAMENT DE VILAFRANCA DE BONANY<\/b>\u00a0est\u00e0 comunicada a tot el personal del responsable del tractament i posada a disposici\u00f3 de totes les parts interessades.<\/p>\n<p>En conseq\u00fc\u00e8ncia, aquesta Pol\u00edtica de Protecci\u00f3 de Dades inclou a tot el personal del responsable del tractament, que ha de con\u00e8ixer-la i acceptar-la, considerar-la pr\u00f2pia, sent cada membre responsable d\u2019aplicar-la i de verificar la normativa de protecci\u00f3 de dades aplicables a la seva activitat, aix\u00ed com identificar i aportar les millores que consideri oportunes amb l\u2019objectiu d\u2019arribar a la correcta relaci\u00f3 amb el seu compliment.<\/p>\n<p><strong>L\u2019<\/strong><b>AJUNTAMENT DE VILAFRANCA DE BONANY<\/b>\u00a0revisar\u00e0 aquesta Pol\u00edtica de Protecci\u00f3 de Dades tantes vegades com ho consideri necessari per adaptar-se, com fins ara, a les disposicions vigents en mat\u00e8ria de protecci\u00f3 de dades de car\u00e0cter personal.<\/p>\n<\/div><\/div><\/div><\/div><\/div>\n","protected":false},"excerpt":{"rendered":"","protected":false},"author":1,"featured_media":0,"parent":0,"menu_order":0,"comment_status":"closed","ping_status":"closed","template":"","meta":{"_acf_changed":false,"footnotes":""},"class_list":["post-2984","page","type-page","status-publish","hentry"],"acf":[],"yoast_head":"<!-- This site is optimized with the Yoast SEO plugin v27.0 - https:\/\/yoast.com\/product\/yoast-seo-wordpress\/ -->\n<title>Pol\u00edtica de Protecci\u00f3n de datos - Ajuntament de Vilafranca de Bonany<\/title>\n<meta name=\"robots\" content=\"index, follow, max-snippet:-1, max-image-preview:large, max-video-preview:-1\" \/>\n<link rel=\"canonical\" href=\"https:\/\/ajvilafrancadebonany.net\/es\/politica-proteccion-datos\/\" \/>\n<meta property=\"og:locale\" content=\"es_ES\" \/>\n<meta property=\"og:type\" content=\"article\" \/>\n<meta property=\"og:title\" content=\"Pol\u00edtica de Protecci\u00f3n de datos - Ajuntament de Vilafranca de Bonany\" \/>\n<meta property=\"og:url\" content=\"https:\/\/ajvilafrancadebonany.net\/es\/politica-proteccion-datos\/\" \/>\n<meta property=\"og:site_name\" content=\"Ajuntament de Vilafranca de Bonany\" \/>\n<meta property=\"article:publisher\" content=\"https:\/\/www.facebook.com\/ajvilafrancadebonany\" \/>\n<meta property=\"article:modified_time\" content=\"2022-11-23T12:06:22+00:00\" \/>\n<meta property=\"og:image\" content=\"https:\/\/ajvilafrancadebonany.net\/wp-content\/uploads\/2022\/01\/logo-ajuntament-vilafranca-de-bonany.png\" \/>\n\t<meta property=\"og:image:width\" content=\"719\" \/>\n\t<meta property=\"og:image:height\" content=\"304\" \/>\n\t<meta property=\"og:image:type\" content=\"image\/png\" \/>\n<meta name=\"twitter:card\" content=\"summary_large_image\" \/>\n<meta name=\"twitter:label1\" content=\"Tiempo de lectura\" \/>\n\t<meta name=\"twitter:data1\" content=\"5 minutos\" \/>\n<script type=\"application\/ld+json\" class=\"yoast-schema-graph\">{\"@context\":\"https:\/\/schema.org\",\"@graph\":[{\"@type\":\"WebPage\",\"@id\":\"https:\/\/ajvilafrancadebonany.net\/es\/politica-proteccion-datos\/\",\"url\":\"https:\/\/ajvilafrancadebonany.net\/es\/politica-proteccion-datos\/\",\"name\":\"Pol\u00edtica de Protecci\u00f3n de datos - Ajuntament de Vilafranca de Bonany\",\"isPartOf\":{\"@id\":\"https:\/\/ajvilafrancadebonany.net\/#website\"},\"datePublished\":\"2022-11-23T11:17:12+00:00\",\"dateModified\":\"2022-11-23T12:06:22+00:00\",\"breadcrumb\":{\"@id\":\"https:\/\/ajvilafrancadebonany.net\/es\/politica-proteccion-datos\/#breadcrumb\"},\"inLanguage\":\"es\",\"potentialAction\":[{\"@type\":\"ReadAction\",\"target\":[\"https:\/\/ajvilafrancadebonany.net\/es\/politica-proteccion-datos\/\"]}]},{\"@type\":\"BreadcrumbList\",\"@id\":\"https:\/\/ajvilafrancadebonany.net\/es\/politica-proteccion-datos\/#breadcrumb\",\"itemListElement\":[{\"@type\":\"ListItem\",\"position\":1,\"name\":\"Portada\",\"item\":\"https:\/\/ajvilafrancadebonany.net\/es\/\"},{\"@type\":\"ListItem\",\"position\":2,\"name\":\"Pol\u00edtica de Protecci\u00f3n de datos\"}]},{\"@type\":\"WebSite\",\"@id\":\"https:\/\/ajvilafrancadebonany.net\/#website\",\"url\":\"https:\/\/ajvilafrancadebonany.net\/\",\"name\":\"Ajuntament de Vilafranca de Bonany\",\"description\":\"La web oficial del Ajuntament de Vilafranca de Bonany\",\"publisher\":{\"@id\":\"https:\/\/ajvilafrancadebonany.net\/#organization\"},\"alternateName\":\"Ajuntament Vilafranca\",\"potentialAction\":[{\"@type\":\"SearchAction\",\"target\":{\"@type\":\"EntryPoint\",\"urlTemplate\":\"https:\/\/ajvilafrancadebonany.net\/?s={search_term_string}\"},\"query-input\":{\"@type\":\"PropertyValueSpecification\",\"valueRequired\":true,\"valueName\":\"search_term_string\"}}],\"inLanguage\":\"es\"},{\"@type\":\"Organization\",\"@id\":\"https:\/\/ajvilafrancadebonany.net\/#organization\",\"name\":\"Ajuntament de Vilafranca de Bonany\",\"url\":\"https:\/\/ajvilafrancadebonany.net\/\",\"logo\":{\"@type\":\"ImageObject\",\"inLanguage\":\"es\",\"@id\":\"https:\/\/ajvilafrancadebonany.net\/#\/schema\/logo\/image\/\",\"url\":\"https:\/\/ajvilafrancadebonany.net\/wp-content\/uploads\/2023\/03\/Ajuntament-de-Vilafranca-de-Bonany.jpg\",\"contentUrl\":\"https:\/\/ajvilafrancadebonany.net\/wp-content\/uploads\/2023\/03\/Ajuntament-de-Vilafranca-de-Bonany.jpg\",\"width\":480,\"height\":180,\"caption\":\"Ajuntament de Vilafranca de Bonany\"},\"image\":{\"@id\":\"https:\/\/ajvilafrancadebonany.net\/#\/schema\/logo\/image\/\"},\"sameAs\":[\"https:\/\/www.facebook.com\/ajvilafrancadebonany\",\"https:\/\/www.instagram.com\/ajvilafrancadebonany\/\"]}]}<\/script>\n<!-- \/ Yoast SEO plugin. -->","yoast_head_json":{"title":"Pol\u00edtica de Protecci\u00f3n de datos - Ajuntament de Vilafranca de Bonany","robots":{"index":"index","follow":"follow","max-snippet":"max-snippet:-1","max-image-preview":"max-image-preview:large","max-video-preview":"max-video-preview:-1"},"canonical":"https:\/\/ajvilafrancadebonany.net\/es\/politica-proteccion-datos\/","og_locale":"es_ES","og_type":"article","og_title":"Pol\u00edtica de Protecci\u00f3n de datos - Ajuntament de Vilafranca de Bonany","og_url":"https:\/\/ajvilafrancadebonany.net\/es\/politica-proteccion-datos\/","og_site_name":"Ajuntament de Vilafranca de Bonany","article_publisher":"https:\/\/www.facebook.com\/ajvilafrancadebonany","article_modified_time":"2022-11-23T12:06:22+00:00","og_image":[{"width":719,"height":304,"url":"https:\/\/ajvilafrancadebonany.net\/wp-content\/uploads\/2022\/01\/logo-ajuntament-vilafranca-de-bonany.png","type":"image\/png"}],"twitter_card":"summary_large_image","twitter_misc":{"Tiempo de lectura":"5 minutos"},"schema":{"@context":"https:\/\/schema.org","@graph":[{"@type":"WebPage","@id":"https:\/\/ajvilafrancadebonany.net\/es\/politica-proteccion-datos\/","url":"https:\/\/ajvilafrancadebonany.net\/es\/politica-proteccion-datos\/","name":"Pol\u00edtica de Protecci\u00f3n de datos - Ajuntament de Vilafranca de Bonany","isPartOf":{"@id":"https:\/\/ajvilafrancadebonany.net\/#website"},"datePublished":"2022-11-23T11:17:12+00:00","dateModified":"2022-11-23T12:06:22+00:00","breadcrumb":{"@id":"https:\/\/ajvilafrancadebonany.net\/es\/politica-proteccion-datos\/#breadcrumb"},"inLanguage":"es","potentialAction":[{"@type":"ReadAction","target":["https:\/\/ajvilafrancadebonany.net\/es\/politica-proteccion-datos\/"]}]},{"@type":"BreadcrumbList","@id":"https:\/\/ajvilafrancadebonany.net\/es\/politica-proteccion-datos\/#breadcrumb","itemListElement":[{"@type":"ListItem","position":1,"name":"Portada","item":"https:\/\/ajvilafrancadebonany.net\/es\/"},{"@type":"ListItem","position":2,"name":"Pol\u00edtica de Protecci\u00f3n de datos"}]},{"@type":"WebSite","@id":"https:\/\/ajvilafrancadebonany.net\/#website","url":"https:\/\/ajvilafrancadebonany.net\/","name":"Ajuntament de Vilafranca de Bonany","description":"La web oficial del Ajuntament de Vilafranca de Bonany","publisher":{"@id":"https:\/\/ajvilafrancadebonany.net\/#organization"},"alternateName":"Ajuntament Vilafranca","potentialAction":[{"@type":"SearchAction","target":{"@type":"EntryPoint","urlTemplate":"https:\/\/ajvilafrancadebonany.net\/?s={search_term_string}"},"query-input":{"@type":"PropertyValueSpecification","valueRequired":true,"valueName":"search_term_string"}}],"inLanguage":"es"},{"@type":"Organization","@id":"https:\/\/ajvilafrancadebonany.net\/#organization","name":"Ajuntament de Vilafranca de Bonany","url":"https:\/\/ajvilafrancadebonany.net\/","logo":{"@type":"ImageObject","inLanguage":"es","@id":"https:\/\/ajvilafrancadebonany.net\/#\/schema\/logo\/image\/","url":"https:\/\/ajvilafrancadebonany.net\/wp-content\/uploads\/2023\/03\/Ajuntament-de-Vilafranca-de-Bonany.jpg","contentUrl":"https:\/\/ajvilafrancadebonany.net\/wp-content\/uploads\/2023\/03\/Ajuntament-de-Vilafranca-de-Bonany.jpg","width":480,"height":180,"caption":"Ajuntament de Vilafranca de Bonany"},"image":{"@id":"https:\/\/ajvilafrancadebonany.net\/#\/schema\/logo\/image\/"},"sameAs":["https:\/\/www.facebook.com\/ajvilafrancadebonany","https:\/\/www.instagram.com\/ajvilafrancadebonany\/"]}]}},"_links":{"self":[{"href":"https:\/\/ajvilafrancadebonany.net\/es\/wp-json\/wp\/v2\/pages\/2984","targetHints":{"allow":["GET"]}}],"collection":[{"href":"https:\/\/ajvilafrancadebonany.net\/es\/wp-json\/wp\/v2\/pages"}],"about":[{"href":"https:\/\/ajvilafrancadebonany.net\/es\/wp-json\/wp\/v2\/types\/page"}],"author":[{"embeddable":true,"href":"https:\/\/ajvilafrancadebonany.net\/es\/wp-json\/wp\/v2\/users\/1"}],"replies":[{"embeddable":true,"href":"https:\/\/ajvilafrancadebonany.net\/es\/wp-json\/wp\/v2\/comments?post=2984"}],"version-history":[{"count":2,"href":"https:\/\/ajvilafrancadebonany.net\/es\/wp-json\/wp\/v2\/pages\/2984\/revisions"}],"predecessor-version":[{"id":3339,"href":"https:\/\/ajvilafrancadebonany.net\/es\/wp-json\/wp\/v2\/pages\/2984\/revisions\/3339"}],"wp:attachment":[{"href":"https:\/\/ajvilafrancadebonany.net\/es\/wp-json\/wp\/v2\/media?parent=2984"}],"curies":[{"name":"wp","href":"https:\/\/api.w.org\/{rel}","templated":true}]}}