{"id":2988,"date":"2022-11-23T11:18:42","date_gmt":"2022-11-23T11:18:42","guid":{"rendered":"https:\/\/ajvilafrancadebonany.net\/?page_id=2988"},"modified":"2022-12-20T11:54:52","modified_gmt":"2022-12-20T11:54:52","slug":"seguridad-ciudadana-y-sanidad","status":"publish","type":"page","link":"https:\/\/ajvilafrancadebonany.net\/es\/seguridad-ciudadana-y-sanidad\/","title":{"rendered":"Seguridad ciudadana y sanidad"},"content":{"rendered":"<p><div class=\"fusion-fullwidth fullwidth-box fusion-builder-row-1 fusion-flex-container nonhundred-percent-fullwidth non-hundred-percent-height-scrolling\" style=\"--awb-border-radius-top-left:0px;--awb-border-radius-top-right:0px;--awb-border-radius-bottom-right:0px;--awb-border-radius-bottom-left:0px;--awb-flex-wrap:wrap;\" ><div class=\"fusion-builder-row fusion-row fusion-flex-align-items-flex-start fusion-flex-content-wrap\" style=\"max-width:1331.2px;margin-left: calc(-4% \/ 2 );margin-right: calc(-4% \/ 2 );\"><div class=\"fusion-layout-column fusion_builder_column fusion-builder-column-0 fusion_builder_column_1_6 1_6 fusion-flex-column\" style=\"--awb-bg-size:cover;--awb-width-large:16.666666666667%;--awb-margin-top-large:10px;--awb-spacing-right-large:11.52%;--awb-margin-bottom-large:10px;--awb-spacing-left-large:11.52%;--awb-width-medium:100%;--awb-order-medium:0;--awb-spacing-right-medium:1.92%;--awb-spacing-left-medium:1.92%;--awb-width-small:100%;--awb-order-small:0;--awb-spacing-right-small:1.92%;--awb-spacing-left-small:1.92%;\"><div class=\"fusion-column-wrapper fusion-column-has-shadow fusion-flex-justify-content-flex-start fusion-content-layout-column\"><\/div><\/div><div class=\"fusion-layout-column fusion_builder_column fusion-builder-column-1 fusion_builder_column_2_3 2_3 fusion-flex-column\" style=\"--awb-bg-size:cover;--awb-width-large:66.666666666667%;--awb-margin-top-large:10px;--awb-spacing-right-large:2.88%;--awb-margin-bottom-large:10px;--awb-spacing-left-large:2.88%;--awb-width-medium:100%;--awb-order-medium:0;--awb-spacing-right-medium:1.92%;--awb-spacing-left-medium:1.92%;--awb-width-small:100%;--awb-order-small:0;--awb-spacing-right-small:1.92%;--awb-spacing-left-small:1.92%;\"><div class=\"fusion-column-wrapper fusion-column-has-shadow fusion-flex-justify-content-flex-start fusion-content-layout-column\"><div class=\"fusion-title title fusion-title-1 fusion-sep-none fusion-title-center fusion-title-text fusion-title-size-one\"><h1 class=\"fusion-title-heading title-heading-center fusion-responsive-typography-calculated\" style=\"margin:0;--fontSize:55;line-height:1.15;\">Seguridad ciudadana<\/h1><\/div><div class=\"fusion-text fusion-text-1\"><p>En Vilafranca operan la Policia Local, la Gu\u00e1rdia Civil y Protecci\u00f3n Civil para velar por la seguridad ciudadana de todos los vilafranquers y vilafranqueras. La Policia Local, juntamente con Protecci\u00f3n Civil se encarga de ordenar, dirigir y gestionar la circulaci\u00f3n y el tr\u00e1fico de las zonas urbanas, vigilar y velar por la integridad de los bienes y espacios p\u00fablicos, medio ambiente y muchas otras funicones y actuaciones. <\/p>\n<\/div><div class=\"fusion-image-element \" style=\"text-align:center;--awb-caption-title-font-family:var(--h2_typography-font-family);--awb-caption-title-font-weight:var(--h2_typography-font-weight);--awb-caption-title-font-style:var(--h2_typography-font-style);--awb-caption-title-size:var(--h2_typography-font-size);--awb-caption-title-transform:var(--h2_typography-text-transform);--awb-caption-title-line-height:var(--h2_typography-line-height);--awb-caption-title-letter-spacing:var(--h2_typography-letter-spacing);\"><span class=\" fusion-imageframe imageframe-none imageframe-1 hover-type-none\"><img decoding=\"async\" width=\"265\" height=\"296\" title=\"logo_112-web-vilafranca\" src=\"https:\/\/ajvilafrancadebonany.net\/wp-content\/uploads\/2022\/02\/logo_112.bmp\" alt class=\"img-responsive wp-image-3088\"\/><\/span><\/div><\/div><\/div><div class=\"fusion-layout-column fusion_builder_column fusion-builder-column-2 fusion_builder_column_1_6 1_6 fusion-flex-column\" style=\"--awb-bg-size:cover;--awb-width-large:16.666666666667%;--awb-margin-top-large:10px;--awb-spacing-right-large:11.52%;--awb-margin-bottom-large:10px;--awb-spacing-left-large:11.52%;--awb-width-medium:100%;--awb-order-medium:0;--awb-spacing-right-medium:1.92%;--awb-spacing-left-medium:1.92%;--awb-width-small:100%;--awb-order-small:0;--awb-spacing-right-small:1.92%;--awb-spacing-left-small:1.92%;\"><div class=\"fusion-column-wrapper fusion-column-has-shadow fusion-flex-justify-content-flex-start fusion-content-layout-column\"><\/div><\/div><\/div><\/div><div class=\"fusion-fullwidth fullwidth-box fusion-builder-row-2 fusion-flex-container nonhundred-percent-fullwidth non-hundred-percent-height-scrolling\" style=\"--awb-border-radius-top-left:0px;--awb-border-radius-top-right:0px;--awb-border-radius-bottom-right:0px;--awb-border-radius-bottom-left:0px;--awb-flex-wrap:wrap;\" ><div class=\"fusion-builder-row fusion-row fusion-flex-align-items-flex-start fusion-flex-content-wrap\" style=\"max-width:1331.2px;margin-left: calc(-4% \/ 2 );margin-right: calc(-4% \/ 2 );\"><div class=\"fusion-layout-column fusion_builder_column fusion-builder-column-3 fusion_builder_column_1_3 1_3 fusion-flex-column\" style=\"--awb-bg-size:cover;--awb-width-large:33.333333333333%;--awb-margin-top-large:10px;--awb-spacing-right-large:5.76%;--awb-margin-bottom-large:10px;--awb-spacing-left-large:5.76%;--awb-width-medium:100%;--awb-order-medium:0;--awb-spacing-right-medium:1.92%;--awb-spacing-left-medium:1.92%;--awb-width-small:100%;--awb-order-small:0;--awb-spacing-right-small:1.92%;--awb-spacing-left-small:1.92%;\"><div class=\"fusion-column-wrapper fusion-column-has-shadow fusion-flex-justify-content-flex-start fusion-content-layout-column\"><div class=\"fusion-title title fusion-title-2 fusion-sep-none fusion-title-text fusion-title-size-one\"><h1 class=\"fusion-title-heading title-heading-left fusion-responsive-typography-calculated\" style=\"margin:0;--fontSize:55;line-height:1.15;\"><h3>Policia Local<\/h3><\/h1><\/div><div class=\"fusion-text fusion-text-2\"><p>Pla\u00e7a Major, 1<br \/>\n07250 Vilafranca de Bonany<br \/>\nTel\u00e8fon: 676 05 86 32<\/p>\n<p><a href=\"mailto:policia@ajvilafrancadebonany.net\" target=\"_blank\" rel=\"nofollow noopener\">Correo electr\u00f3nico<\/a><\/p>\n<\/div><\/div><\/div><div class=\"fusion-layout-column fusion_builder_column fusion-builder-column-4 fusion_builder_column_1_3 1_3 fusion-flex-column\" style=\"--awb-bg-size:cover;--awb-width-large:33.333333333333%;--awb-margin-top-large:10px;--awb-spacing-right-large:5.76%;--awb-margin-bottom-large:10px;--awb-spacing-left-large:5.76%;--awb-width-medium:100%;--awb-order-medium:0;--awb-spacing-right-medium:1.92%;--awb-spacing-left-medium:1.92%;--awb-width-small:100%;--awb-order-small:0;--awb-spacing-right-small:1.92%;--awb-spacing-left-small:1.92%;\"><div class=\"fusion-column-wrapper fusion-column-has-shadow fusion-flex-justify-content-flex-start fusion-content-layout-column\"><div class=\"fusion-title title fusion-title-3 fusion-sep-none fusion-title-center fusion-title-text fusion-title-size-one\"><h1 class=\"fusion-title-heading title-heading-center fusion-responsive-typography-calculated\" style=\"margin:0;--fontSize:55;line-height:1.15;\"><h3>Gu\u00e0rdia Civil<\/h3><\/h1><\/div><div class=\"fusion-text fusion-text-3\" style=\"--awb-content-alignment:center;\"><p>Crta Palma, 1<br \/>\nTel\u00e9fono: 971 56 00 27<br \/>\nTel\u00e9fono Urgencias: 062<br \/>\n07250 Vilafranca de Bonany<\/p>\n<\/div><\/div><\/div><div class=\"fusion-layout-column fusion_builder_column fusion-builder-column-5 fusion_builder_column_1_3 1_3 fusion-flex-column\" style=\"--awb-bg-size:cover;--awb-width-large:33.333333333333%;--awb-margin-top-large:10px;--awb-spacing-right-large:5.76%;--awb-margin-bottom-large:10px;--awb-spacing-left-large:5.76%;--awb-width-medium:100%;--awb-order-medium:0;--awb-spacing-right-medium:1.92%;--awb-spacing-left-medium:1.92%;--awb-width-small:100%;--awb-order-small:0;--awb-spacing-right-small:1.92%;--awb-spacing-left-small:1.92%;\"><div class=\"fusion-column-wrapper fusion-column-has-shadow fusion-flex-justify-content-flex-start fusion-content-layout-column\"><div class=\"fusion-title title fusion-title-4 fusion-sep-none fusion-title-text fusion-title-size-one\"><h1 class=\"fusion-title-heading title-heading-left fusion-responsive-typography-calculated\" style=\"margin:0;--fontSize:55;line-height:1.15;\"><h3 style=\"text-align: right;\">Protecci\u00f3n Civil de Vilafranca de Bonany<\/h3><\/h1><\/div><div class=\"fusion-text fusion-text-4\"><p style=\"text-align: right;\">Debajo del Tanatori Municipal<br \/>\nTel\u00e9fono: 647 34 82 49<br \/>\n07250 Vilafranca de Bonany<\/p>\n<\/div><\/div><\/div><\/div><\/div><div class=\"fusion-fullwidth fullwidth-box fusion-builder-row-3 fusion-flex-container nonhundred-percent-fullwidth non-hundred-percent-height-scrolling\" style=\"--awb-border-radius-top-left:0px;--awb-border-radius-top-right:0px;--awb-border-radius-bottom-right:0px;--awb-border-radius-bottom-left:0px;--awb-flex-wrap:wrap;\" ><div class=\"fusion-builder-row fusion-row fusion-flex-align-items-flex-start fusion-flex-content-wrap\" style=\"max-width:1331.2px;margin-left: calc(-4% \/ 2 );margin-right: calc(-4% \/ 2 );\"><div class=\"fusion-layout-column fusion_builder_column fusion-builder-column-6 fusion_builder_column_1_6 1_6 fusion-flex-column\" style=\"--awb-bg-size:cover;--awb-width-large:16.666666666667%;--awb-margin-top-large:10px;--awb-spacing-right-large:11.52%;--awb-margin-bottom-large:10px;--awb-spacing-left-large:11.52%;--awb-width-medium:100%;--awb-order-medium:0;--awb-spacing-right-medium:1.92%;--awb-spacing-left-medium:1.92%;--awb-width-small:100%;--awb-order-small:0;--awb-spacing-right-small:1.92%;--awb-spacing-left-small:1.92%;\"><div class=\"fusion-column-wrapper fusion-column-has-shadow fusion-flex-justify-content-flex-start fusion-content-layout-column\"><\/div><\/div><div class=\"fusion-layout-column fusion_builder_column fusion-builder-column-7 fusion_builder_column_2_3 2_3 fusion-flex-column\" style=\"--awb-bg-size:cover;--awb-width-large:66.666666666667%;--awb-margin-top-large:10px;--awb-spacing-right-large:2.88%;--awb-margin-bottom-large:10px;--awb-spacing-left-large:2.88%;--awb-width-medium:100%;--awb-order-medium:0;--awb-spacing-right-medium:1.92%;--awb-spacing-left-medium:1.92%;--awb-width-small:100%;--awb-order-small:0;--awb-spacing-right-small:1.92%;--awb-spacing-left-small:1.92%;\"><div class=\"fusion-column-wrapper fusion-column-has-shadow fusion-flex-justify-content-flex-start fusion-content-layout-column\"><div class=\"fusion-title title fusion-title-5 fusion-sep-none fusion-title-center fusion-title-text fusion-title-size-one\"><h1 class=\"fusion-title-heading title-heading-center fusion-responsive-typography-calculated\" style=\"margin:0;--fontSize:55;line-height:1.15;\">Sanidad<\/h1><\/div><div class=\"fusion-text fusion-text-5\"><p>Vilafranca tiene el PAC (Punto de Atenci\u00f3n Continuada),  donde ofrecen atenci\u00f3n prim\u00e1ria para cualquier emergencia las 24 horas. Adem\u00e1s de tener m\u00e9dico, enfermera de atenci\u00f3n primar\u00eda y servicios de especialidades de pediatr\u00eda y matrona con horario de consulta con cita previa de lunes a viernes. <\/p>\n<p>El Hospital de Manacor es el hospital que da cobertura a Vilafranca, de manera que las urgencias mayores, o las citas con los m\u00e9dicos especialistas se realizan all\u00ed. <\/p>\n<\/div><\/div><\/div><div class=\"fusion-layout-column fusion_builder_column fusion-builder-column-8 fusion_builder_column_1_6 1_6 fusion-flex-column\" style=\"--awb-bg-size:cover;--awb-width-large:16.666666666667%;--awb-margin-top-large:10px;--awb-spacing-right-large:11.52%;--awb-margin-bottom-large:10px;--awb-spacing-left-large:11.52%;--awb-width-medium:100%;--awb-order-medium:0;--awb-spacing-right-medium:1.92%;--awb-spacing-left-medium:1.92%;--awb-width-small:100%;--awb-order-small:0;--awb-spacing-right-small:1.92%;--awb-spacing-left-small:1.92%;\"><div class=\"fusion-column-wrapper fusion-column-has-shadow fusion-flex-justify-content-flex-start fusion-content-layout-column\"><\/div><\/div><\/div><\/div><div class=\"fusion-fullwidth fullwidth-box fusion-builder-row-4 fusion-flex-container nonhundred-percent-fullwidth non-hundred-percent-height-scrolling\" style=\"--awb-border-radius-top-left:0px;--awb-border-radius-top-right:0px;--awb-border-radius-bottom-right:0px;--awb-border-radius-bottom-left:0px;--awb-flex-wrap:wrap;\" ><div class=\"fusion-builder-row fusion-row fusion-flex-align-items-flex-start fusion-flex-content-wrap\" style=\"max-width:1331.2px;margin-left: calc(-4% \/ 2 );margin-right: calc(-4% \/ 2 );\"><div class=\"fusion-layout-column fusion_builder_column fusion-builder-column-9 fusion_builder_column_1_2 1_2 fusion-flex-column\" style=\"--awb-bg-size:cover;--awb-width-large:50%;--awb-margin-top-large:10px;--awb-spacing-right-large:3.84%;--awb-margin-bottom-large:10px;--awb-spacing-left-large:3.84%;--awb-width-medium:100%;--awb-order-medium:0;--awb-spacing-right-medium:1.92%;--awb-spacing-left-medium:1.92%;--awb-width-small:100%;--awb-order-small:0;--awb-spacing-right-small:1.92%;--awb-spacing-left-small:1.92%;\"><div class=\"fusion-column-wrapper fusion-column-has-shadow fusion-flex-justify-content-flex-start fusion-content-layout-column\"><div class=\"fusion-title title fusion-title-6 fusion-sep-none fusion-title-text fusion-title-size-one\"><h1 class=\"fusion-title-heading title-heading-left fusion-responsive-typography-calculated\" style=\"margin:0;--fontSize:55;line-height:1.15;\"><h3 style=\"text-align: center;\">PAC Vilafranca<\/h3><\/h1><\/div><div class=\"fusion-text fusion-text-6\" style=\"--awb-content-alignment:center;\"><p>C\/ Joan Mir\u00f3, 1<br \/>\n07250 Vilafranca de Bonany<br \/>\nTel\u00e9fono Pac: 971 56 07 50<br \/>\nTel\u00e9fono Cita Previa: 971 43 70 79<br \/>\n902 07 90 79<\/p>\n<p><a href=\"https:\/\/porpac.ibsalut.es\/services\/Index.action\" target=\"_blank\" rel=\"nofollow noopener\">Solicitar cita previa on-line<\/a><\/p>\n<\/div><\/div><\/div><div class=\"fusion-layout-column fusion_builder_column fusion-builder-column-10 fusion_builder_column_1_2 1_2 fusion-flex-column\" style=\"--awb-bg-size:cover;--awb-width-large:50%;--awb-margin-top-large:10px;--awb-spacing-right-large:3.84%;--awb-margin-bottom-large:10px;--awb-spacing-left-large:3.84%;--awb-width-medium:100%;--awb-order-medium:0;--awb-spacing-right-medium:1.92%;--awb-spacing-left-medium:1.92%;--awb-width-small:100%;--awb-order-small:0;--awb-spacing-right-small:1.92%;--awb-spacing-left-small:1.92%;\"><div class=\"fusion-column-wrapper fusion-column-has-shadow fusion-flex-justify-content-flex-start fusion-content-layout-column\"><div class=\"fusion-title title fusion-title-7 fusion-sep-none fusion-title-text fusion-title-size-one\"><h1 class=\"fusion-title-heading title-heading-left fusion-responsive-typography-calculated\" style=\"margin:0;--fontSize:55;line-height:1.15;\"><h3 style=\"text-align: center;\">Hospital de Manacor<\/h3><\/h1><\/div><div class=\"fusion-text fusion-text-7\" style=\"--awb-content-alignment:center;\"><p>Carretera Manacor-Alc\u00fadia, s\/n<br \/>\n07500 Manacor<br \/>\nTel\u00e9fono: 971 84 70 00<br \/>\nTel\u00e9fono Admisi\u00f3n de urgencias: 971 84 70 60<br \/>\nTel\u00e9fono Habitaciones: 971 84 7 + N\u00fam. Habitaci\u00f3n<br \/>\nTel\u00e9fono Atenci\u00f3n al pacientr: 971 84 70 29<\/p>\n<p><a href=\"http:\/\/fundacion.hospitalmanacor.org\/\" target=\"_blank\" rel=\"nofollow noopener\">M\u00e1s informaci\u00f3n sobre el Hospital de Manacor<\/a><\/p>\n<\/div><\/div><\/div><\/div><\/div><\/p>\n","protected":false},"excerpt":{"rendered":"","protected":false},"author":1,"featured_media":0,"parent":0,"menu_order":0,"comment_status":"closed","ping_status":"closed","template":"","meta":{"_acf_changed":false,"footnotes":""},"class_list":["post-2988","page","type-page","status-publish","hentry"],"acf":[],"yoast_head":"<!-- This site is optimized with the Yoast SEO plugin v27.0 - https:\/\/yoast.com\/product\/yoast-seo-wordpress\/ -->\n<title>Seguridad ciudadana y sanidad - Ajuntament de Vilafranca de Bonany<\/title>\n<meta name=\"robots\" content=\"index, follow, max-snippet:-1, max-image-preview:large, max-video-preview:-1\" \/>\n<link rel=\"canonical\" href=\"https:\/\/ajvilafrancadebonany.net\/es\/seguridad-ciudadana-y-sanidad\/\" \/>\n<meta property=\"og:locale\" content=\"es_ES\" \/>\n<meta property=\"og:type\" content=\"article\" \/>\n<meta property=\"og:title\" content=\"Seguridad ciudadana y sanidad - Ajuntament de Vilafranca de Bonany\" \/>\n<meta property=\"og:url\" content=\"https:\/\/ajvilafrancadebonany.net\/es\/seguridad-ciudadana-y-sanidad\/\" \/>\n<meta property=\"og:site_name\" content=\"Ajuntament de Vilafranca de Bonany\" \/>\n<meta property=\"article:publisher\" content=\"https:\/\/www.facebook.com\/ajvilafrancadebonany\" \/>\n<meta property=\"article:modified_time\" content=\"2022-12-20T11:54:52+00:00\" \/>\n<meta property=\"og:image\" content=\"https:\/\/ajvilafrancadebonany.net\/wp-content\/uploads\/2022\/01\/logo-ajuntament-vilafranca-de-bonany.png\" \/>\n\t<meta property=\"og:image:width\" content=\"719\" \/>\n\t<meta property=\"og:image:height\" content=\"304\" \/>\n\t<meta property=\"og:image:type\" content=\"image\/png\" \/>\n<meta name=\"twitter:card\" content=\"summary_large_image\" \/>\n<meta name=\"twitter:label1\" content=\"Tiempo de lectura\" \/>\n\t<meta name=\"twitter:data1\" content=\"8 minutos\" \/>\n<script type=\"application\/ld+json\" class=\"yoast-schema-graph\">{\"@context\":\"https:\/\/schema.org\",\"@graph\":[{\"@type\":\"WebPage\",\"@id\":\"https:\/\/ajvilafrancadebonany.net\/es\/seguridad-ciudadana-y-sanidad\/\",\"url\":\"https:\/\/ajvilafrancadebonany.net\/es\/seguridad-ciudadana-y-sanidad\/\",\"name\":\"Seguridad ciudadana y sanidad - Ajuntament de Vilafranca de Bonany\",\"isPartOf\":{\"@id\":\"https:\/\/ajvilafrancadebonany.net\/#website\"},\"datePublished\":\"2022-11-23T11:18:42+00:00\",\"dateModified\":\"2022-12-20T11:54:52+00:00\",\"breadcrumb\":{\"@id\":\"https:\/\/ajvilafrancadebonany.net\/es\/seguridad-ciudadana-y-sanidad\/#breadcrumb\"},\"inLanguage\":\"es\",\"potentialAction\":[{\"@type\":\"ReadAction\",\"target\":[\"https:\/\/ajvilafrancadebonany.net\/es\/seguridad-ciudadana-y-sanidad\/\"]}]},{\"@type\":\"BreadcrumbList\",\"@id\":\"https:\/\/ajvilafrancadebonany.net\/es\/seguridad-ciudadana-y-sanidad\/#breadcrumb\",\"itemListElement\":[{\"@type\":\"ListItem\",\"position\":1,\"name\":\"Portada\",\"item\":\"https:\/\/ajvilafrancadebonany.net\/es\/\"},{\"@type\":\"ListItem\",\"position\":2,\"name\":\"Seguridad ciudadana y sanidad\"}]},{\"@type\":\"WebSite\",\"@id\":\"https:\/\/ajvilafrancadebonany.net\/#website\",\"url\":\"https:\/\/ajvilafrancadebonany.net\/\",\"name\":\"Ajuntament de Vilafranca de Bonany\",\"description\":\"La web oficial del Ajuntament de Vilafranca de Bonany\",\"publisher\":{\"@id\":\"https:\/\/ajvilafrancadebonany.net\/#organization\"},\"alternateName\":\"Ajuntament Vilafranca\",\"potentialAction\":[{\"@type\":\"SearchAction\",\"target\":{\"@type\":\"EntryPoint\",\"urlTemplate\":\"https:\/\/ajvilafrancadebonany.net\/?s={search_term_string}\"},\"query-input\":{\"@type\":\"PropertyValueSpecification\",\"valueRequired\":true,\"valueName\":\"search_term_string\"}}],\"inLanguage\":\"es\"},{\"@type\":\"Organization\",\"@id\":\"https:\/\/ajvilafrancadebonany.net\/#organization\",\"name\":\"Ajuntament de Vilafranca de Bonany\",\"url\":\"https:\/\/ajvilafrancadebonany.net\/\",\"logo\":{\"@type\":\"ImageObject\",\"inLanguage\":\"es\",\"@id\":\"https:\/\/ajvilafrancadebonany.net\/#\/schema\/logo\/image\/\",\"url\":\"https:\/\/ajvilafrancadebonany.net\/wp-content\/uploads\/2023\/03\/Ajuntament-de-Vilafranca-de-Bonany.jpg\",\"contentUrl\":\"https:\/\/ajvilafrancadebonany.net\/wp-content\/uploads\/2023\/03\/Ajuntament-de-Vilafranca-de-Bonany.jpg\",\"width\":480,\"height\":180,\"caption\":\"Ajuntament de Vilafranca de Bonany\"},\"image\":{\"@id\":\"https:\/\/ajvilafrancadebonany.net\/#\/schema\/logo\/image\/\"},\"sameAs\":[\"https:\/\/www.facebook.com\/ajvilafrancadebonany\",\"https:\/\/www.instagram.com\/ajvilafrancadebonany\/\"]}]}<\/script>\n<!-- \/ Yoast SEO plugin. -->","yoast_head_json":{"title":"Seguridad ciudadana y sanidad - Ajuntament de Vilafranca de Bonany","robots":{"index":"index","follow":"follow","max-snippet":"max-snippet:-1","max-image-preview":"max-image-preview:large","max-video-preview":"max-video-preview:-1"},"canonical":"https:\/\/ajvilafrancadebonany.net\/es\/seguridad-ciudadana-y-sanidad\/","og_locale":"es_ES","og_type":"article","og_title":"Seguridad ciudadana y sanidad - Ajuntament de Vilafranca de Bonany","og_url":"https:\/\/ajvilafrancadebonany.net\/es\/seguridad-ciudadana-y-sanidad\/","og_site_name":"Ajuntament de Vilafranca de Bonany","article_publisher":"https:\/\/www.facebook.com\/ajvilafrancadebonany","article_modified_time":"2022-12-20T11:54:52+00:00","og_image":[{"width":719,"height":304,"url":"https:\/\/ajvilafrancadebonany.net\/wp-content\/uploads\/2022\/01\/logo-ajuntament-vilafranca-de-bonany.png","type":"image\/png"}],"twitter_card":"summary_large_image","twitter_misc":{"Tiempo de lectura":"8 minutos"},"schema":{"@context":"https:\/\/schema.org","@graph":[{"@type":"WebPage","@id":"https:\/\/ajvilafrancadebonany.net\/es\/seguridad-ciudadana-y-sanidad\/","url":"https:\/\/ajvilafrancadebonany.net\/es\/seguridad-ciudadana-y-sanidad\/","name":"Seguridad ciudadana y sanidad - Ajuntament de Vilafranca de Bonany","isPartOf":{"@id":"https:\/\/ajvilafrancadebonany.net\/#website"},"datePublished":"2022-11-23T11:18:42+00:00","dateModified":"2022-12-20T11:54:52+00:00","breadcrumb":{"@id":"https:\/\/ajvilafrancadebonany.net\/es\/seguridad-ciudadana-y-sanidad\/#breadcrumb"},"inLanguage":"es","potentialAction":[{"@type":"ReadAction","target":["https:\/\/ajvilafrancadebonany.net\/es\/seguridad-ciudadana-y-sanidad\/"]}]},{"@type":"BreadcrumbList","@id":"https:\/\/ajvilafrancadebonany.net\/es\/seguridad-ciudadana-y-sanidad\/#breadcrumb","itemListElement":[{"@type":"ListItem","position":1,"name":"Portada","item":"https:\/\/ajvilafrancadebonany.net\/es\/"},{"@type":"ListItem","position":2,"name":"Seguridad ciudadana y sanidad"}]},{"@type":"WebSite","@id":"https:\/\/ajvilafrancadebonany.net\/#website","url":"https:\/\/ajvilafrancadebonany.net\/","name":"Ajuntament de Vilafranca de Bonany","description":"La web oficial del Ajuntament de Vilafranca de Bonany","publisher":{"@id":"https:\/\/ajvilafrancadebonany.net\/#organization"},"alternateName":"Ajuntament Vilafranca","potentialAction":[{"@type":"SearchAction","target":{"@type":"EntryPoint","urlTemplate":"https:\/\/ajvilafrancadebonany.net\/?s={search_term_string}"},"query-input":{"@type":"PropertyValueSpecification","valueRequired":true,"valueName":"search_term_string"}}],"inLanguage":"es"},{"@type":"Organization","@id":"https:\/\/ajvilafrancadebonany.net\/#organization","name":"Ajuntament de Vilafranca de Bonany","url":"https:\/\/ajvilafrancadebonany.net\/","logo":{"@type":"ImageObject","inLanguage":"es","@id":"https:\/\/ajvilafrancadebonany.net\/#\/schema\/logo\/image\/","url":"https:\/\/ajvilafrancadebonany.net\/wp-content\/uploads\/2023\/03\/Ajuntament-de-Vilafranca-de-Bonany.jpg","contentUrl":"https:\/\/ajvilafrancadebonany.net\/wp-content\/uploads\/2023\/03\/Ajuntament-de-Vilafranca-de-Bonany.jpg","width":480,"height":180,"caption":"Ajuntament de Vilafranca de Bonany"},"image":{"@id":"https:\/\/ajvilafrancadebonany.net\/#\/schema\/logo\/image\/"},"sameAs":["https:\/\/www.facebook.com\/ajvilafrancadebonany","https:\/\/www.instagram.com\/ajvilafrancadebonany\/"]}]}},"_links":{"self":[{"href":"https:\/\/ajvilafrancadebonany.net\/es\/wp-json\/wp\/v2\/pages\/2988","targetHints":{"allow":["GET"]}}],"collection":[{"href":"https:\/\/ajvilafrancadebonany.net\/es\/wp-json\/wp\/v2\/pages"}],"about":[{"href":"https:\/\/ajvilafrancadebonany.net\/es\/wp-json\/wp\/v2\/types\/page"}],"author":[{"embeddable":true,"href":"https:\/\/ajvilafrancadebonany.net\/es\/wp-json\/wp\/v2\/users\/1"}],"replies":[{"embeddable":true,"href":"https:\/\/ajvilafrancadebonany.net\/es\/wp-json\/wp\/v2\/comments?post=2988"}],"version-history":[{"count":3,"href":"https:\/\/ajvilafrancadebonany.net\/es\/wp-json\/wp\/v2\/pages\/2988\/revisions"}],"predecessor-version":[{"id":3454,"href":"https:\/\/ajvilafrancadebonany.net\/es\/wp-json\/wp\/v2\/pages\/2988\/revisions\/3454"}],"wp:attachment":[{"href":"https:\/\/ajvilafrancadebonany.net\/es\/wp-json\/wp\/v2\/media?parent=2988"}],"curies":[{"name":"wp","href":"https:\/\/api.w.org\/{rel}","templated":true}]}}