{"id":3660,"date":"2022-01-18T17:13:25","date_gmt":"2022-01-18T17:13:25","guid":{"rendered":"https:\/\/ajvilafrancadebonany.net\/politica-de-cookies\/"},"modified":"2022-01-18T17:13:25","modified_gmt":"2022-01-18T17:13:25","slug":"politica-de-cookies","status":"publish","type":"page","link":"https:\/\/ajvilafrancadebonany.net\/es\/politica-de-cookies\/","title":{"rendered":"Pol\u00edtica de Cookies"},"content":{"rendered":"<div class=\"fusion-fullwidth fullwidth-box fusion-builder-row-1 fusion-flex-container nonhundred-percent-fullwidth non-hundred-percent-height-scrolling\" style=\"--awb-border-radius-top-left:0px;--awb-border-radius-top-right:0px;--awb-border-radius-bottom-right:0px;--awb-border-radius-bottom-left:0px;--awb-flex-wrap:wrap;\" ><div class=\"fusion-builder-row fusion-row fusion-flex-align-items-flex-start fusion-flex-content-wrap\" style=\"max-width:1331.2px;margin-left: calc(-4% \/ 2 );margin-right: calc(-4% \/ 2 );\"><div class=\"fusion-layout-column fusion_builder_column fusion-builder-column-0 fusion_builder_column_1_1 1_1 fusion-flex-column\" style=\"--awb-bg-size:cover;--awb-width-large:100%;--awb-margin-top-large:10px;--awb-spacing-right-large:1.92%;--awb-margin-bottom-large:10px;--awb-spacing-left-large:1.92%;--awb-width-medium:100%;--awb-order-medium:0;--awb-spacing-right-medium:1.92%;--awb-spacing-left-medium:1.92%;--awb-width-small:100%;--awb-order-small:0;--awb-spacing-right-small:1.92%;--awb-spacing-left-small:1.92%;\"><div class=\"fusion-column-wrapper fusion-column-has-shadow fusion-flex-justify-content-flex-start fusion-content-layout-column\"><div class=\"fusion-text fusion-text-1\"><p>Bienvenido\/a a la POL\u00cdTICA DE GALLETAS (COOKIES) de la p\u00e1gina web del AYUNTAMIENTO DE VILAFRANCA DE BONANY, con CIF P0706500F, donde te explicamos en lenguaje claro y sencillo todas las cuestiones necesarias porque puedas tener el control sobre ellas de acuerdo con tus decisiones personales.<\/p>\n<p>Mediante lo que dispone el art\u00edculo 22.2 de la Ley 34\/2022, del 11 de julio, de Servicios de la Sociedad de la Informaci\u00f3n y de Comercio Electr\u00f3nico (LSSI-CE) vigente, el AYUNTAMIENTO DE VILAFRANCA DE BONANY debe cumplir con la obligaci\u00f3n de informar sobre las cookies que utiliza y sus finalidades.<\/p>\n<p>Este lugar web hace servir cookies y\/o tecnolog\u00edas similares que almacenan y cogen informaci\u00f3n el tiempo que navegas.<\/p>\n<p>Una cookie o galleta es un fichero que se descarga en tu ordenador cu\u00e1ndo accedes a determinadas p\u00e1ginas web. Les cookies permeten a una p\u00e0gina web, entre altres coses, emmaguetzemar i recuperar informaci\u00f3 sobre els h\u00e0bits de navegaci\u00f3 d&#8217;un usuari o del seu equip i, dependent de la informaci\u00f3 que contengui i de la forma en qu\u00e9 fa servir el seu equip, poden utilitzar-se per recon\u00e9ixer a l&#8217;usuari.<\/p>\n<p>Las cookies son esenciales para el funcionamiento de internet, aportando innumerables ventajas en la presentaci\u00f3n de servicios interactivos, facilitando el usuario de navegaci\u00f3n y usabilidad de nuestra web.<\/p>\n<h4>QU\u00c9 SON LAS GALLETAS (COOKIES) Y PARA QUE SE UTILIZAN?<\/h4>\n<p>Una cookie o galleta inform\u00e1tica es un peque\u00f1o archivo de informaci\u00f3n que se guarda en tu ordenador, \u00absmartphone\u00bb o tableta cada vez que visitas nuestra p\u00e1gina web.<\/p>\n<p>En principio, una galleta es inofensiva: no contiene virus, troyanos, gusanos, etc. que puedan da\u00f1ar tu terminal, pero si tiene cierto impacto sobre tu derecho de protecci\u00f3n de tus datos personales, ya que recoge determinada informaci\u00f3n sobre tu persona (h\u00e1bitos de navegaci\u00f3n, identidad, preferencias, etc.)<\/p>\n<p>Es por esto que, de acuerdo con el que establece la normativa aplicable (LSSI y normativa vigente de protecci\u00f3n de datos personales), la activaci\u00f3n de determinados tipos de galletas necesitar\u00e1 tu autorizaci\u00f3n previa.<\/p>\n<p>Mediante <strong>un paso tan sencillo y r\u00e1pido como marcar una casilla<\/strong> en nuestro apartado <strong>CONFIGURACI\u00d3N DE COOKIES<\/strong>, podr\u00e1s dar tu autorizaci\u00f3n para la activaci\u00f3n de las galletas que desees: <strong>coge el control y disfruta de una navegaci\u00f3n personalizada en nuestra web.<\/strong><\/p>\n<p>Antes de esto, te damos alguna informaci\u00f3n adicional que te ayudar\u00e1 a tomar una mejor decisi\u00f3n:<\/p>\n<p>1. Las galletas pueden ser de diferentes tipos dependiendo de su finalidad:<\/p>\n<ul>\n<li>\n<p>Las galletas t\u00e9cnicas son necesarias porque nuestra web pueda funcionar, no necesitan tu autorizaci\u00f3n y son las \u00fanicas que tenemos activadas por defecto.<\/p>\n<\/li>\n<li>\n<p>El resto de galletas pueden servir para mejorar nuestra p\u00e1gina, para personalizarla sobre tus preferencias, o para poder ense\u00f1arte publicidad ajustada a tus b\u00fasquedas, gustos o intereses personales. Todas estas est\u00e1n desactivadas por defecto, es necesaria tu autorizaci\u00f3n previa para activarlas, que podr\u00e1s aceptar mediante un sencillo paso y de manera r\u00e1pida como marcando una casilla en nuestro apartado de CONFIGURACI\u00d3N DE COOKIES.<\/p>\n<\/li>\n<\/ul>\n<p>2. Otras galletas son nuestras (las denominamos galletas o <strong>cookies propias<\/strong>) y otras pertenecen a empresas externas que realizan servicios para nuestra p\u00e1gina web (las llamamos galletas o <strong>cookies de terceros<\/strong>: un ejemplo podr\u00edan ser las cookies de proveedores externos como Google) En este sentido, es importante que conozcas que algunos de estos proveedores externos est\u00e1n ubicados fuera de Espa\u00f1a.<\/p>\n<p>Mundialmente, no todos los pa\u00edses tienen el mismo nivel de protecci\u00f3n de datos, hay pa\u00edses m\u00e1s seguros que otros (por ejemplo, la Uni\u00f3n Europea es un entorno seguro para tus datos). Nuestra pol\u00edtica es recurrir a proveedores fiables que, con independencia que se encuentren ubicados en la Uni\u00f3n Europea, hayan adoptado las garant\u00edas adecuadas para la protecci\u00f3n de tu informaci\u00f3n personal. No obstante esto, en el apartado QU\u00c9 TIPO DE COOKIES SE UTILIZAN ACTUALMENTE EN NUESTRA WEB?, puedes consultar las distintas Pol\u00edticas de privacidad y protecci\u00f3n de datos de cada uno de los proveedores externos nombrados, a fin de tomar una decisi\u00f3n consciente sobre la activaci\u00f3n o no de las cookies de terceros que utilizan en nuestra web.<\/p>\n<p>3. Finalmente, indicarte que, seg\u00fan el tiempo que quedan activas, las cookies pueden ser de dos tipos:<\/p>\n<p>&#8211; Cookies de sesi\u00f3n: caducan autom\u00e1ticamente cuando acabas la sesi\u00f3n de tu ordenador, \u00absmartphone\u00bb o tableta. Se utilitzan para conservar la informaci\u00f3n necesaria mientras se realiza el servicio con una \u00fanica ocasi\u00f3n.<\/p>\n<p>&#8211; Cookies persistentes: permanecen almacenadas en tu ordenador, \u00absmartphone\u00bb o tableta durante un periodo determinado, que puede variar de unos minutos hasta diversos a\u00f1os.<\/p>\n<ul>\n<li>\n<h4>QU\u00c9 TIPO DE COOKIES O GALLETAS PODEMOS UTILIZAR EN NUESTRA P\u00c1GINA WEB?<\/h4>\n<\/li>\n<\/ul>\n<ul>\n<li>\n<h4>COOKIES T\u00c9CNICAS:<\/h4>\n<\/li>\n<\/ul>\n<p>Las cookies t\u00e9cnicas son estrictamente necesarias para que funcione nuestra web y poder utilizarla. Este tipo de cookies son las que, por ejemplo, nos permiten identificarte, darte acceso a determinadas partes restringidas de la p\u00e1gina en caso de ser necesario, o recordar diferentes opciones o servicios ya seleccionados por ti, como tus preferencias de privacidad. <strong>Por esto, estan activadas por defecto y no es necesaria su autorizaci\u00f3n al respecto.<\/strong><\/p>\n<p>Desde la configuraci\u00f3n de tu navegador, puedes bloquear o alertar de la presencia de este tipo de cookies o galletas, aunque este bloqueo afectara el correcto funcionamiento de las funcionalidades de nuestra web.<\/p>\n<ul>\n<li>\n<p><strong>Cookies de An\u00e1lisis:<\/strong><\/p>\n<\/li>\n<\/ul>\n<p>Las galletas de an\u00e1lisis nos permiten estudiar la navegaci\u00f3n de los usuarios de nuestra p\u00e1gina web en general (por ejemplo, qu\u00e9 secciones de la p\u00e1gina son las m\u00e1s visitadas, qu\u00e9 servicios se utilizan m\u00e1s y si funcionan correctamente, etc.)<\/p>\n<p>A partir de la informaci\u00f3n estad\u00edstica sobre la navegaci\u00f3n en nuestra p\u00e1gina web, podemos mejorar tanto el propio funcionamiento de la p\u00e1gina como de los diferentes servicios que ofrecemos. Por tanto, estas cookies, <strong>no tienen ninguna finalidad publicit\u00e1ria<\/strong>, sino que \u00fanicamente se ofrecen para qu\u00e9 nuestra web funcione mejor, para adaptarse a nuestros usuarios en general. Activandolas contribuir\u00e1s a la mejora contin\u00faa.<\/p>\n<p><strong>Puedes activar o desactivar estas cookies marcando la casilla correspondiente,<\/strong> estan desactivadas por defecto.<\/p>\n<ul>\n<li>\n<p><strong>Cookies de Funcionalidad y Personalizaci\u00f3n:<\/strong><\/p>\n<\/li>\n<\/ul>\n<p>Las galletas de funcionalidad nos permiten recordar tus preferencias, para personalizar en tu misma medida determinadas caracter\u00edsitcas y opciones generales de nuestra web, cada vez que accedas (por ejemplo, el idioma que te ense\u00f1a la informaci\u00f3n, las secciones marcadas como que te gustan m\u00e1s, tipos de navegador, etc.)<\/p>\n<p>Por tanto, este tipo de galletas no tienen finalidad publicitaria, pero activandolas mejoraras la funiconalidad de las p\u00e1ginas web (por ejemplo, adaptandose tu tipo de navegador) i la personalizaci\u00f3n de la misma sobre tus preferencias (por ejemplo, presentando la informaci\u00f3n en el idioma que hayas escogido anteriormente), esto contribuir\u00e1 a la facilidad, usabilidad y comodidad de nuestra p\u00e1gina durante tu navegaci\u00f3n.<\/p>\n<p>Puedes activar o desactivar estas cookies marcando la casilla correspondiente, estando activas siempre por defecto.<\/p>\n<ul>\n<li>\n<p><strong>Cookies de Publicidad:<\/strong><\/p>\n<\/li>\n<\/ul>\n<p>Las galletas de publicidad nos permiten la gesti\u00f3n de todos los espacios publicitarios incluidos en nuestra p\u00e1gina web sobre criterios como el contenido mostrado o la frecuencia con la que se ense\u00f1an los anuncios.<\/p>\n<p>As\u00ed por ejemplo, si te han mostrado diferentes veces el mismo anuncio en nuestra web y no has mostrado ning\u00fan inter\u00e9s haciendo clic en \u00e9l, este no volver\u00e1 a aparecer. En resumen, activando este tipo de galletas, la publicidad que se ense\u00f1a en nuestra web ser\u00e1 m\u00e1s \u00fatil y diversa, y menos repetitiva.<\/p>\n<p><strong>Puedes activar o desactivar estas cookies marcando la casilla<\/strong> correspondiente, estando desactivadas por defecto.<\/p>\n<ul>\n<li>\n<p><strong>Cookies de Publicidad Comportamental:<\/strong><\/p>\n<\/li>\n<\/ul>\n<p>Las cookies de publicidad comportamental nos permiten obtener informaci\u00f3n encima de los h\u00e1bitos y comportamientos de navegaci\u00f3n en la web, a fin de poder mostrarse contenidos publicitarios que se ajusten mejor a tus gustos e intereses personales.<\/p>\n<p>Para que lo entiendas de manera sencilla, te ponemos un ejemplo ficiticio: si en tus \u00faltimas b\u00fasquedas en la web estuviesen relacionadas con literatura de \u00edntriga, te ense\u00f1ariamos publicidad sobre libros de intriga.<\/p>\n<p>Por tanto, activando este tipo de galletas, la publicidad que te mostraremos en nuestra p\u00e1gina web no ser\u00e1 gen\u00e9rica, sino que estar\u00e1 relacionada con tus b\u00fasquedas, gustos e intereses, ajustandose exclusivamente a ti.<\/p>\n<p>Puedes activar o desactivar estas cookies marcando la casilla correspondiente, estando activas siempre por defecto.<\/p>\n<ul>\n<li>\n<h4><strong>QU\u00c9 TIPO DE COOKIES SE UTILIZAN ACTUALMENTE EN NUESTRA P\u00c1GINA WEB?<\/strong><\/h4>\n<\/li>\n<\/ul>\n<h4>A CONTINUACI\u00d3N, TE INFORMAMOS SOBRE TODOS LOS TIPOS DE GALLETAS QUE ACTUALMENTE SE UTULIZAN EN NUESTRA P\u00c1GINA WEB I LA FINALIDAD DE CADA UNA DE LAS MISMAS.<\/h4>\n<\/p>\n<p><center><\/p>\n<table width=\"566\" cellspacing=\"0\" cellpadding=\"7\">\n<tbody>\n<tr>\n<td width=\"114\" bgcolor=\"#bfbfbf\">\n<p>Tipos de cookie<\/p>\n<\/td>\n<td width=\"125\" bgcolor=\"#bfbfbf\">\n<p>Finalidad<\/p>\n<\/td>\n<td width=\"135\" bgcolor=\"#bfbfbf\">\n<p>Entidad responsable y enlace en tu pol\u00edtica de privacidad y protecci\u00f3n de datos<\/p>\n<\/td>\n<td width=\"134\" bgcolor=\"#bfbfbf\">\n<p>Plazo de tiempo (de sesi\u00f3n \/ permanente)<\/p>\n<\/td>\n<\/tr>\n<tr>\n<td width=\"114\">\n<p align=\"justify\"><span style=\"color: #000000;\"><span style=\"font-family: Calibri, serif;\"><span style=\"font-size: medium;\"><span><span style=\"font-size: small;\"><b>Cookies de An\u00e1lisis<\/b><\/span><\/span><\/span><\/span><\/span><\/p>\n<\/td>\n<td width=\"125\">Estudiar la navegaci\u00f3n de los usuarios<\/td>\n<td width=\"135\"><a href=\"https:\/\/policies.google.com\/privacy?hl=es\" target=\"_blank\" rel=\"nofollow noopener\">Google<\/a><\/td>\n<td width=\"134\">Permanente<\/td>\n<\/tr>\n<tr>\n<td width=\"114\"> <\/td>\n<td width=\"125\"> <\/td>\n<td width=\"135\"> <\/td>\n<td width=\"134\"> <\/td>\n<\/tr>\n<\/tbody>\n<\/table>\n<p><\/center><\/p>\n<ul>\n<li>\n<p><strong>QU\u00c9 PUEDES HACER CON LAS COOKIES?<\/strong><\/p>\n<\/li>\n<\/ul>\n<p>Cuando accedes por primera vez en nuestra web te aparecer\u00e1 una ventana emergente en la que te informamos de las cookies pueden ser de diferentes tipos:<\/p>\n<ul>\n<li>\n<p>Las galletas t\u00e9cnicas son necesarias para que nuestra p\u00e1gina web pueda funcionar, no necesitan tu autorizaci\u00f3n y son las \u00fanicas que tenemos activadas por defecto. Por tanto, s\u00f3n las \u00fanicas galletas que quedan activas si s\u00f3lo seleccionas el bot\u00f3n <strong>ACEPTAR<\/strong>.<\/p>\n<\/li>\n<li>\n<p>El resto de galletas sirven para mejorar nuestra p\u00e1gina web, para personalizarla sobre tus preferencias, o para poder ense\u00f1arte publicidad ajusta a tus b\u00fasquedas, gustos o intereses personales. Todas ellas est\u00e1n desactivadas por defecto, pero puedes activarlas en el apartado <strong>CONFIGURACI\u00d3N DE COOKIES: coge el control y disfruta de una navegaci\u00f3n personalizada en nuestra p\u00e1gina web, con un paso tan sencillo y r\u00e1pido marcando la casilla que quieras.<\/strong><\/p>\n<\/li>\n<\/ul>\n<p>Te damos a conocer qu\u00e9, una vez hayas activado cualquier tipo de galleta, tienes la posibilidad de desactivarla cuando desees desmarcando la casilla correspondiente en el apartado <strong>CONFIGURACI\u00d3N DE COOKIES<\/strong> de nuestra web.<\/p>\n<p>Te recordamos que a trav\u00e9s de la configuraci\u00f3n de tu ordenador puedes bloquear o alertar de la presencia de cookies, pero esto puede afectar al correcto funcionamietno de las funcionalidades de nuestra p\u00e1gina web en el caso de las cookies o galletas t\u00e9cnicas necesarias.<\/p>\n<p>Para acabar, te indicamos que, si activas <strong>cookies o galletas de terceros<\/strong> (empresas externas que ofrecen servicios para nuestra p\u00e1gina web) y despues deseas desactivarlas, podras hacerlo de dos maneras: utilizando las herramientas de desactivaci\u00f3n de galletas de su ordenador o a trav\u00e9s de los mismos sistemas habilitados por estos proveedores externos.<\/p>\n<p>Para que te sea m\u00e1s f\u00e1cil, a continuaci\u00f3n te dejamos una serie de enlaces en la informaci\u00f3n de desactivaci\u00f3n de cookies de los navegadores m\u00e1s utilizados:<\/p>\n<ul>\n<li>\n<p><a href=\"https:\/\/support.google.com\/accounts\/answer\/61416?co=GENIE.Platform%3DDesktop&amp;hl=es\" target=\"_blank\" rel=\"nofollow noopener\">Google Chrome<\/a>. <u><a href=\"https:\/\/support.google.com\/chrome\/answer\/95647?hl=es\" target=\"_blank\" rel=\"nofollow noopener\">https:\/\/support.google.com\/chrome\/answer\/95647?hl=es<\/a><\/u><\/p>\n<\/li>\n<li>\n<p><a href=\"https:\/\/support.mozilla.org\/es\/kb\/Borrar%20cookies\" target=\"_blank\" rel=\"nofollow noopener\">Mozilla Firefox<\/a>. <u><a href=\"https:\/\/support.mozilla.org\/es\/kb\/habilitar-y-deshabilitar-cookies-sitios-web-rastrear-preferencias\" target=\"_blank\" rel=\"nofollow noopener\">https:\/\/support.mozilla.org\/es\/kb\/habilitar-y-deshabilitar-cookies-sitios-web-rastrear-preferencias<\/a><\/u><\/p>\n<\/li>\n<li>\n<p><a href=\"https:\/\/support.microsoft.com\/es-es\/help\/278835\/how-to-delete-cookie-files-in-internet-explorer\" target=\"_blank\" rel=\"nofollow noopener\">Internet Explorer<\/a>. <u><a href=\"https:\/\/support.microsoft.com\/es-es\/help\/17442\/windows-internet-explorer-delete-manage-cookies\" target=\"_blank\" rel=\"nofollow noopener\">https:\/\/support.microsoft.com\/es-es\/help\/17442\/windows-internet-explorer-delete-manage-cookies<\/a><\/u><\/p>\n<\/li>\n<li>\n<p><a href=\"https:\/\/support.apple.com\/es-es\/guide\/safari\/sfri11471\/mac\" target=\"_blank\" rel=\"nofollow noopener\">Safari<\/a>. <u><a href=\"https:\/\/support.apple.com\/es-es\/guide\/safari\/sfri11471\/mac\" target=\"_blank\" rel=\"nofollow noopener\">https:\/\/support.apple.com\/es-es\/guide\/safari\/sfri11471\/mac<\/a><\/u><\/p>\n<\/li>\n<li>\n<p><a href=\"https:\/\/support.apple.com\/es-es\/HT201265\" target=\"_blank\" rel=\"nofollow noopener\">Safari para IOS (iPhone y iPad)<\/a>. <u><a href=\"https:\/\/support.apple.com\/es-es\/HT201265\" target=\"_blank\" rel=\"nofollow noopener\">https:\/\/support.apple.com\/es-es\/HT201265<\/a><\/u><\/p>\n<\/li>\n<li>\n<p><a href=\"https:\/\/support.google.com\/accounts\/answer\/61416?co=GENIE.Platform%3DAndroid&amp;hl=es&amp;oco=1\" target=\"_blank\" rel=\"nofollow noopener\">Google Chrome para Android<\/a>. <u><a href=\"https:\/\/support.google.com\/chrome\/answer\/114662?hl=es&amp;visit_id=637158991927180393-1599233653&amp;rd=1&amp;co=GENIE.Platform%3DAndroid&amp;oco=1\" target=\"_blank\" rel=\"nofollow noopener\">https:\/\/support.google.com\/chrome\/answer\/114662?hl=es&amp;visit_id=637158991927180393-1599233653&amp;rd=1&amp;co=GENIE.Platform%3DAndroid&amp;oco=1<\/a><\/u><\/p>\n<\/li>\n<li>\n<p><a href=\"https:\/\/support.google.com\/accounts\/answer\/61416?co=GENIE.Platform%3DiOS&amp;hl=es&amp;oco=1\" target=\"_blank\" rel=\"nofollow noopener\">Google Chrome para Iphone y Ipad<\/a>. <u><a href=\"https:\/\/support.google.com\/chrome\/answer\/114662?hl=es&amp;visit_id=637158991927180393-1599233653&amp;rd=1&amp;co=GENIE.Platform%3DiOS&amp;oco=1\" target=\"_blank\" rel=\"nofollow noopener\">https:\/\/support.google.com\/chrome\/answer\/114662?hl=es&amp;visit_id=637158991927180393-1599233653&amp;rd=1&amp;co=GENIE.Platform%3DiOS&amp;oco=1<\/a><\/u><\/p>\n<\/li>\n<\/ul>\n<p>Muchas gracias por tu colaboraci\u00f3n<\/p>\n<\/div><\/div><\/div><\/div><\/div>\n","protected":false},"excerpt":{"rendered":"","protected":false},"author":1,"featured_media":0,"parent":0,"menu_order":0,"comment_status":"closed","ping_status":"closed","template":"","meta":{"_acf_changed":false,"footnotes":""},"class_list":["post-3660","page","type-page","status-publish","hentry"],"acf":[],"yoast_head":"<!-- This site is optimized with the Yoast SEO plugin v27.0 - https:\/\/yoast.com\/product\/yoast-seo-wordpress\/ -->\n<title>Pol\u00edtica de Cookies - Ajuntament de Vilafranca de Bonany<\/title>\n<meta name=\"robots\" content=\"index, follow, max-snippet:-1, max-image-preview:large, max-video-preview:-1\" \/>\n<link rel=\"canonical\" href=\"https:\/\/ajvilafrancadebonany.net\/politica-de-cookies\/\" \/>\n<meta property=\"og:locale\" content=\"es_ES\" \/>\n<meta property=\"og:type\" content=\"article\" \/>\n<meta property=\"og:title\" content=\"Pol\u00edtica de Cookies - Ajuntament de Vilafranca de Bonany\" \/>\n<meta property=\"og:url\" content=\"https:\/\/ajvilafrancadebonany.net\/politica-de-cookies\/\" \/>\n<meta property=\"og:site_name\" content=\"Ajuntament de Vilafranca de Bonany\" \/>\n<meta property=\"article:publisher\" content=\"https:\/\/www.facebook.com\/ajvilafrancadebonany\" \/>\n<meta property=\"og:image\" content=\"https:\/\/ajvilafrancadebonany.net\/wp-content\/uploads\/2022\/01\/logo-ajuntament-vilafranca-de-bonany.png\" \/>\n\t<meta property=\"og:image:width\" content=\"719\" \/>\n\t<meta property=\"og:image:height\" content=\"304\" \/>\n\t<meta property=\"og:image:type\" content=\"image\/png\" \/>\n<meta name=\"twitter:card\" content=\"summary_large_image\" \/>\n<meta name=\"twitter:label1\" content=\"Tiempo de lectura\" \/>\n\t<meta name=\"twitter:data1\" content=\"11 minutos\" \/>\n<script type=\"application\/ld+json\" class=\"yoast-schema-graph\">{\"@context\":\"https:\/\/schema.org\",\"@graph\":[{\"@type\":\"WebPage\",\"@id\":\"https:\/\/ajvilafrancadebonany.net\/politica-de-cookies\/\",\"url\":\"https:\/\/ajvilafrancadebonany.net\/politica-de-cookies\/\",\"name\":\"Pol\u00edtica de Cookies - Ajuntament de Vilafranca de Bonany\",\"isPartOf\":{\"@id\":\"https:\/\/ajvilafrancadebonany.net\/#website\"},\"datePublished\":\"2022-01-18T17:13:25+00:00\",\"breadcrumb\":{\"@id\":\"https:\/\/ajvilafrancadebonany.net\/politica-de-cookies\/#breadcrumb\"},\"inLanguage\":\"es\",\"potentialAction\":[{\"@type\":\"ReadAction\",\"target\":[\"https:\/\/ajvilafrancadebonany.net\/politica-de-cookies\/\"]}]},{\"@type\":\"BreadcrumbList\",\"@id\":\"https:\/\/ajvilafrancadebonany.net\/politica-de-cookies\/#breadcrumb\",\"itemListElement\":[{\"@type\":\"ListItem\",\"position\":1,\"name\":\"Portada\",\"item\":\"https:\/\/ajvilafrancadebonany.net\/es\/\"},{\"@type\":\"ListItem\",\"position\":2,\"name\":\"Pol\u00edtica de Cookies\"}]},{\"@type\":\"WebSite\",\"@id\":\"https:\/\/ajvilafrancadebonany.net\/#website\",\"url\":\"https:\/\/ajvilafrancadebonany.net\/\",\"name\":\"Ajuntament de Vilafranca de Bonany\",\"description\":\"La web oficial del Ajuntament de Vilafranca de Bonany\",\"publisher\":{\"@id\":\"https:\/\/ajvilafrancadebonany.net\/#organization\"},\"alternateName\":\"Ajuntament Vilafranca\",\"potentialAction\":[{\"@type\":\"SearchAction\",\"target\":{\"@type\":\"EntryPoint\",\"urlTemplate\":\"https:\/\/ajvilafrancadebonany.net\/?s={search_term_string}\"},\"query-input\":{\"@type\":\"PropertyValueSpecification\",\"valueRequired\":true,\"valueName\":\"search_term_string\"}}],\"inLanguage\":\"es\"},{\"@type\":\"Organization\",\"@id\":\"https:\/\/ajvilafrancadebonany.net\/#organization\",\"name\":\"Ajuntament de Vilafranca de Bonany\",\"url\":\"https:\/\/ajvilafrancadebonany.net\/\",\"logo\":{\"@type\":\"ImageObject\",\"inLanguage\":\"es\",\"@id\":\"https:\/\/ajvilafrancadebonany.net\/#\/schema\/logo\/image\/\",\"url\":\"https:\/\/ajvilafrancadebonany.net\/wp-content\/uploads\/2023\/03\/Ajuntament-de-Vilafranca-de-Bonany.jpg\",\"contentUrl\":\"https:\/\/ajvilafrancadebonany.net\/wp-content\/uploads\/2023\/03\/Ajuntament-de-Vilafranca-de-Bonany.jpg\",\"width\":480,\"height\":180,\"caption\":\"Ajuntament de Vilafranca de Bonany\"},\"image\":{\"@id\":\"https:\/\/ajvilafrancadebonany.net\/#\/schema\/logo\/image\/\"},\"sameAs\":[\"https:\/\/www.facebook.com\/ajvilafrancadebonany\",\"https:\/\/www.instagram.com\/ajvilafrancadebonany\/\"]}]}<\/script>\n<!-- \/ Yoast SEO plugin. -->","yoast_head_json":{"title":"Pol\u00edtica de Cookies - Ajuntament de Vilafranca de Bonany","robots":{"index":"index","follow":"follow","max-snippet":"max-snippet:-1","max-image-preview":"max-image-preview:large","max-video-preview":"max-video-preview:-1"},"canonical":"https:\/\/ajvilafrancadebonany.net\/politica-de-cookies\/","og_locale":"es_ES","og_type":"article","og_title":"Pol\u00edtica de Cookies - Ajuntament de Vilafranca de Bonany","og_url":"https:\/\/ajvilafrancadebonany.net\/politica-de-cookies\/","og_site_name":"Ajuntament de Vilafranca de Bonany","article_publisher":"https:\/\/www.facebook.com\/ajvilafrancadebonany","og_image":[{"width":719,"height":304,"url":"https:\/\/ajvilafrancadebonany.net\/wp-content\/uploads\/2022\/01\/logo-ajuntament-vilafranca-de-bonany.png","type":"image\/png"}],"twitter_card":"summary_large_image","twitter_misc":{"Tiempo de lectura":"11 minutos"},"schema":{"@context":"https:\/\/schema.org","@graph":[{"@type":"WebPage","@id":"https:\/\/ajvilafrancadebonany.net\/politica-de-cookies\/","url":"https:\/\/ajvilafrancadebonany.net\/politica-de-cookies\/","name":"Pol\u00edtica de Cookies - Ajuntament de Vilafranca de Bonany","isPartOf":{"@id":"https:\/\/ajvilafrancadebonany.net\/#website"},"datePublished":"2022-01-18T17:13:25+00:00","breadcrumb":{"@id":"https:\/\/ajvilafrancadebonany.net\/politica-de-cookies\/#breadcrumb"},"inLanguage":"es","potentialAction":[{"@type":"ReadAction","target":["https:\/\/ajvilafrancadebonany.net\/politica-de-cookies\/"]}]},{"@type":"BreadcrumbList","@id":"https:\/\/ajvilafrancadebonany.net\/politica-de-cookies\/#breadcrumb","itemListElement":[{"@type":"ListItem","position":1,"name":"Portada","item":"https:\/\/ajvilafrancadebonany.net\/es\/"},{"@type":"ListItem","position":2,"name":"Pol\u00edtica de Cookies"}]},{"@type":"WebSite","@id":"https:\/\/ajvilafrancadebonany.net\/#website","url":"https:\/\/ajvilafrancadebonany.net\/","name":"Ajuntament de Vilafranca de Bonany","description":"La web oficial del Ajuntament de Vilafranca de Bonany","publisher":{"@id":"https:\/\/ajvilafrancadebonany.net\/#organization"},"alternateName":"Ajuntament Vilafranca","potentialAction":[{"@type":"SearchAction","target":{"@type":"EntryPoint","urlTemplate":"https:\/\/ajvilafrancadebonany.net\/?s={search_term_string}"},"query-input":{"@type":"PropertyValueSpecification","valueRequired":true,"valueName":"search_term_string"}}],"inLanguage":"es"},{"@type":"Organization","@id":"https:\/\/ajvilafrancadebonany.net\/#organization","name":"Ajuntament de Vilafranca de Bonany","url":"https:\/\/ajvilafrancadebonany.net\/","logo":{"@type":"ImageObject","inLanguage":"es","@id":"https:\/\/ajvilafrancadebonany.net\/#\/schema\/logo\/image\/","url":"https:\/\/ajvilafrancadebonany.net\/wp-content\/uploads\/2023\/03\/Ajuntament-de-Vilafranca-de-Bonany.jpg","contentUrl":"https:\/\/ajvilafrancadebonany.net\/wp-content\/uploads\/2023\/03\/Ajuntament-de-Vilafranca-de-Bonany.jpg","width":480,"height":180,"caption":"Ajuntament de Vilafranca de Bonany"},"image":{"@id":"https:\/\/ajvilafrancadebonany.net\/#\/schema\/logo\/image\/"},"sameAs":["https:\/\/www.facebook.com\/ajvilafrancadebonany","https:\/\/www.instagram.com\/ajvilafrancadebonany\/"]}]}},"_links":{"self":[{"href":"https:\/\/ajvilafrancadebonany.net\/es\/wp-json\/wp\/v2\/pages\/3660","targetHints":{"allow":["GET"]}}],"collection":[{"href":"https:\/\/ajvilafrancadebonany.net\/es\/wp-json\/wp\/v2\/pages"}],"about":[{"href":"https:\/\/ajvilafrancadebonany.net\/es\/wp-json\/wp\/v2\/types\/page"}],"author":[{"embeddable":true,"href":"https:\/\/ajvilafrancadebonany.net\/es\/wp-json\/wp\/v2\/users\/1"}],"replies":[{"embeddable":true,"href":"https:\/\/ajvilafrancadebonany.net\/es\/wp-json\/wp\/v2\/comments?post=3660"}],"version-history":[{"count":0,"href":"https:\/\/ajvilafrancadebonany.net\/es\/wp-json\/wp\/v2\/pages\/3660\/revisions"}],"wp:attachment":[{"href":"https:\/\/ajvilafrancadebonany.net\/es\/wp-json\/wp\/v2\/media?parent=3660"}],"curies":[{"name":"wp","href":"https:\/\/api.w.org\/{rel}","templated":true}]}}