{"id":3714,"date":"2023-03-22T16:56:52","date_gmt":"2023-03-22T16:56:52","guid":{"rendered":"https:\/\/ajvilafrancadebonany.net\/?page_id=3714"},"modified":"2023-03-22T16:58:19","modified_gmt":"2023-03-22T16:58:19","slug":"politica-privacidad-redes-sociales","status":"publish","type":"page","link":"https:\/\/ajvilafrancadebonany.net\/es\/politica-privacidad-redes-sociales\/","title":{"rendered":"Pol\u00edtica de privacidad Redes Sociales"},"content":{"rendered":"<div class=\"fusion-fullwidth fullwidth-box fusion-builder-row-1 fusion-flex-container nonhundred-percent-fullwidth non-hundred-percent-height-scrolling\" style=\"--awb-border-radius-top-left:0px;--awb-border-radius-top-right:0px;--awb-border-radius-bottom-right:0px;--awb-border-radius-bottom-left:0px;--awb-flex-wrap:wrap;\" ><div class=\"fusion-builder-row fusion-row fusion-flex-align-items-flex-start fusion-flex-content-wrap\" style=\"max-width:1331.2px;margin-left: calc(-4% \/ 2 );margin-right: calc(-4% \/ 2 );\"><div class=\"fusion-layout-column fusion_builder_column fusion-builder-column-0 fusion_builder_column_1_1 1_1 fusion-flex-column\" style=\"--awb-bg-size:cover;--awb-width-large:100%;--awb-margin-top-large:0px;--awb-spacing-right-large:1.92%;--awb-margin-bottom-large:0px;--awb-spacing-left-large:1.92%;--awb-width-medium:100%;--awb-spacing-right-medium:1.92%;--awb-spacing-left-medium:1.92%;--awb-width-small:100%;--awb-spacing-right-small:1.92%;--awb-spacing-left-small:1.92%;\"><div class=\"fusion-column-wrapper fusion-flex-justify-content-flex-start fusion-content-layout-column\"><div class=\"fusion-text fusion-text-1\"><\/p>\n<p class=\"Default\" align=\"center\"><span style=\"color: var(--h2_typography-color); font-family: var(--h2_typography-font-family); font-size: var(--h2_typography-font-size); font-style: var(--h2_typography-font-style,normal); font-weight: var(--h2_typography-font-weight); letter-spacing: var(--h2_typography-letter-spacing); background-color: rgba(255, 255, 255, 0);\">POL\u00cdTICA DE PRIVACIDAD REDES SOCIALES<\/span><br><\/p>\n<p class=\"Default\">\n<p>De  conformidad  con  lo  establecido  en  la  normativa  vigente  y  aplicable  de  protecci\u00f3n  de  datos  de  car\u00e1cter personal  y  la  Ley  34\/2002,  de  11  de  julio,  de  Servicios  de  la  Sociedad  de  la  Informaci\u00f3n  y  de  Comercio Electr\u00f3nico  (LSSI-CE),  AJUNTAMENT  DE VILAFRANCA  DE BONANY  informa  a los usuarios,  que ha procedido a  crear  un  perfil  en  las  Redes  Sociales  Facebook   e  Instagram,  con  la  finalidad  principal  de  publicitar  sus productos y servicios.<\/p>\n<p>Datos de AJUNTAMENT  DE VILAFRANCA  DE BONANY:<\/p>\n<p>\u2022    NIF: P0706500F<\/p>\n<p>\u2022    DIRECCI\u00d3N: PLA\u00c7A MAJOR, 1   07250, VILAFRANCA  DE BONANY (ILLES BALEARS)<\/p>\n<p>\u2022    CORREO ELECTR\u00d3NICO:  info@ajvilafrancadebonany.net<\/p>\n<p>\u2022    DOMINIO WEB:  https:\/\/ajvilafrancadebonany.net<\/p>\n<p>El  usuario   dispone   de  un  perfil  en  la  misma   Red  Social  y  ha  decidido   unirse  a  la  p\u00e1gina   creada   por AJUNTAMENT  DE  VILAFRANCA  DE  BONANY,  mostrando  as\u00ed inter\u00e9s  en la informaci\u00f3n  que se publicite  en la Red. Al unirse a nuestra  p\u00e1gina,  nos  facilita su consentimiento  para el tratamiento  de aquellos datos personales publicados  en su perfil.<\/p>\n<p>El usuario  puede  acceder  en  todo  momento  a  las  pol\u00edticas  de  privacidad  de  la  propia  Red  Social,  as\u00ed  como configurar su perfil para garantizar su privacidad.<\/p>\n<p>AJUNTAMENT  DE  VILAFRANCA  DE BONANY  tiene acceso  y trata aquella  informaci\u00f3n  p\u00fablica  del usuario,  en especial,  su  nombre  de  contacto.  Estos  datos,  s\u00f3lo  son  utilizados  dentro  de  la  propia  Red  Social.  No  son incorporados  a ning\u00fan sistema de tratamiento.<\/p>\n<p><b>Derechos de los interesados<\/b><\/p>\n<p>En relaci\u00f3n  a los  derechos  de acceso,  rectificaci\u00f3n,  limitaci\u00f3n  de tratamiento,  supresi\u00f3n, portabilidad y oposici\u00f3n al tratamiento  de sus  datos  de car\u00e1cter  personal,  de los que usted dispone  y que pueden  ser ejercitados  ante AJUNTAMENT  DE VILAFRANCA  DE BONANY,  de acuerdo  con el RGPD,  debe tener  en cuenta los siguientes matices:<\/p>\n<p>\u2022\t<u>Derecho  de  Acceso:<\/u>  Es  el derecho  del usuario  a obtener  informaci\u00f3n  sobre sus  datos  concretos  de car\u00e1cter   personal  y  del  tratamiento  que  se  haya  realizado  o  realice,  as\u00ed  como  de  la  informaci\u00f3n disponible  sobre el origen de dichos datos y las comunicaciones  realizadas  o previstas de los mismos.<\/p>\n<p>\u2022\t<u>Derecho  de Rectificaci\u00f3n:<\/u>  Es el derecho  del afectado  a que se modifiquen los datos que resulten ser inexactos  o  incompletos.  S\u00f3lo  podr\u00e1  satisfacerse  en  relaci\u00f3n  a  aqu ella informaci\u00f3n  que se encuentre bajo  el  control  de  AJUNTAMENT  DE  VILAFRANCA  DE  BONANY,  por  ejemplo,  eliminar  comentarios publicados  en la propia p\u00e1gina,  im\u00e1genes  o contenidos  web donde consten  datos  de car\u00e1cter personal del usuario.<\/p>\n<p>\u2022\t<u>Derecho  a  la  Limitaci\u00f3n  de  tratamiento:<\/u>  Es  el derecho  a  que  se  limiten  los  fines  del  tratamiento previstos de forma original por el responsable  del tratamiento.<\/p>\n<p>\u2022\t<u>Derecho   de  Supresi\u00f3n:<\/u>   Es  el  derecho  a  suprimir  los  datos  de  car\u00e1cter  personal  del  usuario,  a excepci\u00f3n   de  lo  previsto  en  el  propio  RGPD  o  en  otras  normativas   aplicables   que  determinen  la obligatoriedad   de la conservaci\u00f3n de los mismos, en tiempo y forma.<\/p>\n<p>\u2022\t<u>Derecho  de portabilidad:<\/u>  El derecho  a recibir  los datos  personales  que el usuario,  haya facilitado, en un formato estructurado, de uso com\u00fan y lectura mec\u00e1nica,  y a transmitirlos  a otro responsable.<\/p>\n<p>\u2022\t<u>Derecho  de Oposici\u00f3n:<\/u> Es el derecho del usuario a que no se lleve a cabo el tratamiento de sus datos de  car\u00e1cter   personal  o  se  cese  el  tratamiento   de  los   mismos   por  parte  de  AJUNTAMENT   DE VILAFRANCA  DE BONANY. <\/p>\n<p>AJUNTAMENT  DE VILAFRANCA  DE BONANY  realizar\u00e1 las siguientes  actuaciones:<\/p>\n<p>\u2022    Acceso a la informaci\u00f3n  p\u00fablica del perfil.<\/p>\n<p>\u2022    Publicaci\u00f3n   en   el  perfil   del   usuario   de   toda   aquella   informaci\u00f3n   ya  publicada   en  la  p\u00e1gina   de <span style=\"background-color: rgba(255, 255, 255, 0); color: var(--body_typography-color); font-family: var(--body_typography-font-family); font-size: var(--body_typography-font-size); font-style: var(--body_typography-font-style,normal); font-weight: var(--body_typography-font-weight); letter-spacing: var(--body_typography-letter-spacing);\">AJUNTAMENT  DE VILAFRANCA  DE BONANY.<\/span><\/p>\n<p>\u2022    Enviar mensajes personales  e individuales  a trav\u00e9s de los canales de la Red Social.<\/p>\n<p>\u2022    Actualizaciones  del estado de la p\u00e1gina que se publicar\u00e1n  en el perfil del usuario.<\/p>\n<p>El usuario  siempre  puede controlar  sus  conexiones,  eliminar  los contenidos  que dejen de interesarle y restringir con qui\u00e9n comparte sus conexiones, para ello deber\u00e1 acceder a su configuraci\u00f3n  de privacidad.<\/p>\n<p><b>Publicaciones<\/b><\/p>\n<p>El usuario,  una vez  unido a la p\u00e1gina de AJUNTAMENT  DE VILAFRANCA DE BONANY, podr\u00e1 publicar en \u00e9sta \u00faltima comentarios,  enlaces,  im\u00e1genes  o fotograf\u00edas  o cualquier  otro tipo de contenido  multimedia  soportado por la Red Social. El usuario, en todos los casos, debe ser el titular de los mismos, gozar de los derechos de autor y de  propiedad  intelectual  o  contar  con  el consentimiento  de  los  terceros  afectados.  Se  proh\u00edbe  expresamente cualquier   publicaci\u00f3n   en  la  p\u00e1gina,   ya  sean  textos,  gr\u00e1ficos,  fotograf\u00edas,  v\u00eddeos,  etc.  que  atenten  o  sean susceptibles  de atentar  contra la moral, la \u00e9tica, el buen gusto o el decoro, y\/o que infrinjan, violen o quebranten los   derechos   de   propiedad   intelectual   o   industrial,   el  derecho   a  la  imagen   o  la  Ley.  En  estos   casos, AJUNTAMENT   DE  VILAFRANCA  DE  BONANY  se  reserva  el  derecho  a  retirar  de  inmediato  el  contenido, pudiendo  solicitar  el bloqueo  permanente  del usuario.<\/p>\n<p>AJUNTAMENT  DE  VILAFRANCA  DE  BONANY  no  se  har\u00e1  responsable  de  los  contenidos  que  libremente  ha publicado  un usuario.<\/p>\n<p>El usuario  debe  tener  presente  que  sus  publicaciones  ser\u00e1n  conocidas  por  los  otros  usuarios,  por  lo que \u00e9l mismo es el principal responsable  de su privacidad.<\/p>\n<p>Las  im\u00e1genes  que puedan  publicarse  en la p\u00e1gina no ser\u00e1n almacenadas  en ning\u00fan sistema de tratamiento por parte de AJUNTAMENT  DE VILAFRANCA  DE BONANY,  pero s\u00ed que permanecer\u00e1n  en la Red Social.<\/p>\n<p><b>Concursos y promociones<\/b><\/p>\n<p>AJUNTAMENT  DE VILAFRANCA DE BONANY se reserva el derecho a realizar concursos  y promociones, en los que podr\u00e1 participar  el usuario  unido a su p\u00e1gina.  Las bases de cada uno de ellos, cuando se utilice para ello la plataforma  de la Red Social,  ser\u00e1n publicadas  en la misma. Cumpliendo siempre con la LSSI -CE y con cualquier otra norma que le sea de aplicaci\u00f3n.<\/p>\n<p>La  Red  Social  no  patrocina,  avala  ni administra,  de  modo  alguno,  ninguna  de  nuestras  promociones,  ni est\u00e1 asociada a ninguna  de ellas.<\/p>\n<p><b>Publicidad<\/b><\/p>\n<p>AJUNTAMENT  DE VILAFRANCA  DE BONANY  utilizar\u00e1  la Red Social para publicitar  sus  productos  y servicios, en todo caso, si decide tratar  sus  datos  de contacto  para realizar  acciones  directas  de prospecci\u00f3n comercial, ser\u00e1 siempre, cumpliendo  con las exigencias  legales  del RGPD y de la LSSI-CE.<\/p>\n<p>No  se  considerar\u00e1   publicidad   el  hecho  de  recomendar   a  otros  usuarios  la  p\u00e1gina  de  AJUNTAMENT   DE VILAFRANCA  DE BONANY  para que tambi\u00e9n  ellos  puedan  disfrutar  de las promociones  o estar  informados  de su actividad. <\/p>\n<p>A continuaci\u00f3n  detallamos  el enlace a la pol\u00edtica  de privacidad  de la Red Social:<\/p>\n<p>\u2022   Facebook: https:\/\/es-es.facebook.com\/privacy\/explanation<\/p>\n<p>\u2022   Instagram:  http:\/\/instagram.com\/about\/lega l\/privacy\/<\/p>\n<p>\u00daLTIMA ACTUALIZACI\u00d3N: 12 de enero de 2023<\/p><\/p>\n<\/div><\/div><\/div><\/div><\/div>","protected":false},"excerpt":{"rendered":"","protected":false},"author":1,"featured_media":0,"parent":0,"menu_order":0,"comment_status":"closed","ping_status":"closed","template":"","meta":{"_acf_changed":false,"footnotes":""},"class_list":["post-3714","page","type-page","status-publish","hentry"],"acf":[],"yoast_head":"<!-- This site is optimized with the Yoast SEO plugin v27.0 - https:\/\/yoast.com\/product\/yoast-seo-wordpress\/ -->\n<title>Pol\u00edtica de privacidad Redes Sociales - Ajuntament de Vilafranca de Bonany<\/title>\n<meta name=\"robots\" content=\"index, follow, max-snippet:-1, max-image-preview:large, max-video-preview:-1\" \/>\n<link rel=\"canonical\" href=\"https:\/\/ajvilafrancadebonany.net\/es\/politica-privacidad-redes-sociales\/\" \/>\n<meta property=\"og:locale\" content=\"es_ES\" \/>\n<meta property=\"og:type\" content=\"article\" \/>\n<meta property=\"og:title\" content=\"Pol\u00edtica de privacidad Redes Sociales - Ajuntament de Vilafranca de Bonany\" \/>\n<meta property=\"og:url\" content=\"https:\/\/ajvilafrancadebonany.net\/es\/politica-privacidad-redes-sociales\/\" \/>\n<meta property=\"og:site_name\" content=\"Ajuntament de Vilafranca de Bonany\" \/>\n<meta property=\"article:publisher\" content=\"https:\/\/www.facebook.com\/ajvilafrancadebonany\" \/>\n<meta property=\"article:modified_time\" content=\"2023-03-22T16:58:19+00:00\" \/>\n<meta property=\"og:image\" content=\"https:\/\/ajvilafrancadebonany.net\/wp-content\/uploads\/2022\/01\/logo-ajuntament-vilafranca-de-bonany.png\" \/>\n\t<meta property=\"og:image:width\" content=\"719\" \/>\n\t<meta property=\"og:image:height\" content=\"304\" \/>\n\t<meta property=\"og:image:type\" content=\"image\/png\" \/>\n<meta name=\"twitter:card\" content=\"summary_large_image\" \/>\n<meta name=\"twitter:label1\" content=\"Tiempo de lectura\" \/>\n\t<meta name=\"twitter:data1\" content=\"6 minutos\" \/>\n<script type=\"application\/ld+json\" class=\"yoast-schema-graph\">{\"@context\":\"https:\/\/schema.org\",\"@graph\":[{\"@type\":\"WebPage\",\"@id\":\"https:\/\/ajvilafrancadebonany.net\/es\/politica-privacidad-redes-sociales\/\",\"url\":\"https:\/\/ajvilafrancadebonany.net\/es\/politica-privacidad-redes-sociales\/\",\"name\":\"Pol\u00edtica de privacidad Redes Sociales - Ajuntament de Vilafranca de Bonany\",\"isPartOf\":{\"@id\":\"https:\/\/ajvilafrancadebonany.net\/#website\"},\"datePublished\":\"2023-03-22T16:56:52+00:00\",\"dateModified\":\"2023-03-22T16:58:19+00:00\",\"breadcrumb\":{\"@id\":\"https:\/\/ajvilafrancadebonany.net\/es\/politica-privacidad-redes-sociales\/#breadcrumb\"},\"inLanguage\":\"es\",\"potentialAction\":[{\"@type\":\"ReadAction\",\"target\":[\"https:\/\/ajvilafrancadebonany.net\/es\/politica-privacidad-redes-sociales\/\"]}]},{\"@type\":\"BreadcrumbList\",\"@id\":\"https:\/\/ajvilafrancadebonany.net\/es\/politica-privacidad-redes-sociales\/#breadcrumb\",\"itemListElement\":[{\"@type\":\"ListItem\",\"position\":1,\"name\":\"Portada\",\"item\":\"https:\/\/ajvilafrancadebonany.net\/es\/\"},{\"@type\":\"ListItem\",\"position\":2,\"name\":\"Pol\u00edtica de privacidad Redes Sociales\"}]},{\"@type\":\"WebSite\",\"@id\":\"https:\/\/ajvilafrancadebonany.net\/#website\",\"url\":\"https:\/\/ajvilafrancadebonany.net\/\",\"name\":\"Ajuntament de Vilafranca de Bonany\",\"description\":\"La web oficial del Ajuntament de Vilafranca de Bonany\",\"publisher\":{\"@id\":\"https:\/\/ajvilafrancadebonany.net\/#organization\"},\"alternateName\":\"Ajuntament Vilafranca\",\"potentialAction\":[{\"@type\":\"SearchAction\",\"target\":{\"@type\":\"EntryPoint\",\"urlTemplate\":\"https:\/\/ajvilafrancadebonany.net\/?s={search_term_string}\"},\"query-input\":{\"@type\":\"PropertyValueSpecification\",\"valueRequired\":true,\"valueName\":\"search_term_string\"}}],\"inLanguage\":\"es\"},{\"@type\":\"Organization\",\"@id\":\"https:\/\/ajvilafrancadebonany.net\/#organization\",\"name\":\"Ajuntament de Vilafranca de Bonany\",\"url\":\"https:\/\/ajvilafrancadebonany.net\/\",\"logo\":{\"@type\":\"ImageObject\",\"inLanguage\":\"es\",\"@id\":\"https:\/\/ajvilafrancadebonany.net\/#\/schema\/logo\/image\/\",\"url\":\"https:\/\/ajvilafrancadebonany.net\/wp-content\/uploads\/2023\/03\/Ajuntament-de-Vilafranca-de-Bonany.jpg\",\"contentUrl\":\"https:\/\/ajvilafrancadebonany.net\/wp-content\/uploads\/2023\/03\/Ajuntament-de-Vilafranca-de-Bonany.jpg\",\"width\":480,\"height\":180,\"caption\":\"Ajuntament de Vilafranca de Bonany\"},\"image\":{\"@id\":\"https:\/\/ajvilafrancadebonany.net\/#\/schema\/logo\/image\/\"},\"sameAs\":[\"https:\/\/www.facebook.com\/ajvilafrancadebonany\",\"https:\/\/www.instagram.com\/ajvilafrancadebonany\/\"]}]}<\/script>\n<!-- \/ Yoast SEO plugin. -->","yoast_head_json":{"title":"Pol\u00edtica de privacidad Redes Sociales - Ajuntament de Vilafranca de Bonany","robots":{"index":"index","follow":"follow","max-snippet":"max-snippet:-1","max-image-preview":"max-image-preview:large","max-video-preview":"max-video-preview:-1"},"canonical":"https:\/\/ajvilafrancadebonany.net\/es\/politica-privacidad-redes-sociales\/","og_locale":"es_ES","og_type":"article","og_title":"Pol\u00edtica de privacidad Redes Sociales - Ajuntament de Vilafranca de Bonany","og_url":"https:\/\/ajvilafrancadebonany.net\/es\/politica-privacidad-redes-sociales\/","og_site_name":"Ajuntament de Vilafranca de Bonany","article_publisher":"https:\/\/www.facebook.com\/ajvilafrancadebonany","article_modified_time":"2023-03-22T16:58:19+00:00","og_image":[{"width":719,"height":304,"url":"https:\/\/ajvilafrancadebonany.net\/wp-content\/uploads\/2022\/01\/logo-ajuntament-vilafranca-de-bonany.png","type":"image\/png"}],"twitter_card":"summary_large_image","twitter_misc":{"Tiempo de lectura":"6 minutos"},"schema":{"@context":"https:\/\/schema.org","@graph":[{"@type":"WebPage","@id":"https:\/\/ajvilafrancadebonany.net\/es\/politica-privacidad-redes-sociales\/","url":"https:\/\/ajvilafrancadebonany.net\/es\/politica-privacidad-redes-sociales\/","name":"Pol\u00edtica de privacidad Redes Sociales - Ajuntament de Vilafranca de Bonany","isPartOf":{"@id":"https:\/\/ajvilafrancadebonany.net\/#website"},"datePublished":"2023-03-22T16:56:52+00:00","dateModified":"2023-03-22T16:58:19+00:00","breadcrumb":{"@id":"https:\/\/ajvilafrancadebonany.net\/es\/politica-privacidad-redes-sociales\/#breadcrumb"},"inLanguage":"es","potentialAction":[{"@type":"ReadAction","target":["https:\/\/ajvilafrancadebonany.net\/es\/politica-privacidad-redes-sociales\/"]}]},{"@type":"BreadcrumbList","@id":"https:\/\/ajvilafrancadebonany.net\/es\/politica-privacidad-redes-sociales\/#breadcrumb","itemListElement":[{"@type":"ListItem","position":1,"name":"Portada","item":"https:\/\/ajvilafrancadebonany.net\/es\/"},{"@type":"ListItem","position":2,"name":"Pol\u00edtica de privacidad Redes Sociales"}]},{"@type":"WebSite","@id":"https:\/\/ajvilafrancadebonany.net\/#website","url":"https:\/\/ajvilafrancadebonany.net\/","name":"Ajuntament de Vilafranca de Bonany","description":"La web oficial del Ajuntament de Vilafranca de Bonany","publisher":{"@id":"https:\/\/ajvilafrancadebonany.net\/#organization"},"alternateName":"Ajuntament Vilafranca","potentialAction":[{"@type":"SearchAction","target":{"@type":"EntryPoint","urlTemplate":"https:\/\/ajvilafrancadebonany.net\/?s={search_term_string}"},"query-input":{"@type":"PropertyValueSpecification","valueRequired":true,"valueName":"search_term_string"}}],"inLanguage":"es"},{"@type":"Organization","@id":"https:\/\/ajvilafrancadebonany.net\/#organization","name":"Ajuntament de Vilafranca de Bonany","url":"https:\/\/ajvilafrancadebonany.net\/","logo":{"@type":"ImageObject","inLanguage":"es","@id":"https:\/\/ajvilafrancadebonany.net\/#\/schema\/logo\/image\/","url":"https:\/\/ajvilafrancadebonany.net\/wp-content\/uploads\/2023\/03\/Ajuntament-de-Vilafranca-de-Bonany.jpg","contentUrl":"https:\/\/ajvilafrancadebonany.net\/wp-content\/uploads\/2023\/03\/Ajuntament-de-Vilafranca-de-Bonany.jpg","width":480,"height":180,"caption":"Ajuntament de Vilafranca de Bonany"},"image":{"@id":"https:\/\/ajvilafrancadebonany.net\/#\/schema\/logo\/image\/"},"sameAs":["https:\/\/www.facebook.com\/ajvilafrancadebonany","https:\/\/www.instagram.com\/ajvilafrancadebonany\/"]}]}},"_links":{"self":[{"href":"https:\/\/ajvilafrancadebonany.net\/es\/wp-json\/wp\/v2\/pages\/3714","targetHints":{"allow":["GET"]}}],"collection":[{"href":"https:\/\/ajvilafrancadebonany.net\/es\/wp-json\/wp\/v2\/pages"}],"about":[{"href":"https:\/\/ajvilafrancadebonany.net\/es\/wp-json\/wp\/v2\/types\/page"}],"author":[{"embeddable":true,"href":"https:\/\/ajvilafrancadebonany.net\/es\/wp-json\/wp\/v2\/users\/1"}],"replies":[{"embeddable":true,"href":"https:\/\/ajvilafrancadebonany.net\/es\/wp-json\/wp\/v2\/comments?post=3714"}],"version-history":[{"count":2,"href":"https:\/\/ajvilafrancadebonany.net\/es\/wp-json\/wp\/v2\/pages\/3714\/revisions"}],"predecessor-version":[{"id":3716,"href":"https:\/\/ajvilafrancadebonany.net\/es\/wp-json\/wp\/v2\/pages\/3714\/revisions\/3716"}],"wp:attachment":[{"href":"https:\/\/ajvilafrancadebonany.net\/es\/wp-json\/wp\/v2\/media?parent=3714"}],"curies":[{"name":"wp","href":"https:\/\/api.w.org\/{rel}","templated":true}]}}