{"id":7290,"date":"2025-10-29T14:11:11","date_gmt":"2025-10-29T13:11:11","guid":{"rendered":"https:\/\/ajvilafrancadebonany.net\/la-nit-de-les-animes-en-torrapipes-a-vilafranca\/"},"modified":"2025-10-29T14:11:11","modified_gmt":"2025-10-29T13:11:11","slug":"la-nit-de-les-animes-en-torrapipes-a-vilafranca","status":"publish","type":"page","link":"https:\/\/ajvilafrancadebonany.net\/es\/la-nit-de-les-animes-en-torrapipes-a-vilafranca\/","title":{"rendered":"La Nit de les \u00c0nimes. En Torrapipes a Vilafranca"},"content":{"rendered":"<div style=\"width: 640px;\" class=\"wp-video\"><video class=\"wp-video-shortcode\" id=\"video-7290-1\" width=\"640\" height=\"360\" preload=\"metadata\" controls=\"controls\"><source type=\"video\/mp4\" src=\"https:\/\/ajvilafrancadebonany.net\/wp-content\/uploads\/2025\/12\/canco-den-Torrapipes.mp4?_=1\" \/><a href=\"https:\/\/ajvilafrancadebonany.net\/wp-content\/uploads\/2025\/12\/canco-den-Torrapipes.mp4\">https:\/\/ajvilafrancadebonany.net\/wp-content\/uploads\/2025\/12\/canco-den-Torrapipes.mp4<\/a><\/video><\/div>\n<p>CAN\u00c7\u00d3 D&#8217;EN TORRAPIPES<\/p>\n","protected":false},"excerpt":{"rendered":"<p>CAN\u00c7\u00d3 D&#8217;EN TORRAPIPES<\/p>\n","protected":false},"author":2,"featured_media":0,"parent":0,"menu_order":0,"comment_status":"closed","ping_status":"closed","template":"","meta":{"_acf_changed":false,"footnotes":""},"class_list":["post-7290","page","type-page","status-publish","hentry"],"acf":[],"yoast_head":"<!-- This site is optimized with the Yoast SEO plugin v27.0 - https:\/\/yoast.com\/product\/yoast-seo-wordpress\/ -->\n<title>La Nit de les \u00c0nimes. En Torrapipes a Vilafranca - Ajuntament de Vilafranca de Bonany<\/title>\n<meta name=\"robots\" content=\"index, follow, max-snippet:-1, max-image-preview:large, max-video-preview:-1\" \/>\n<link rel=\"canonical\" href=\"https:\/\/ajvilafrancadebonany.net\/la-nit-de-les-animes-en-torrapipes-a-vilafranca\/\" \/>\n<meta property=\"og:locale\" content=\"es_ES\" \/>\n<meta property=\"og:type\" content=\"article\" \/>\n<meta property=\"og:title\" content=\"La Nit de les \u00c0nimes. En Torrapipes a Vilafranca - Ajuntament de Vilafranca de Bonany\" \/>\n<meta property=\"og:description\" content=\"CAN\u00c7\u00d3 D&#8217;EN TORRAPIPES\" \/>\n<meta property=\"og:url\" content=\"https:\/\/ajvilafrancadebonany.net\/la-nit-de-les-animes-en-torrapipes-a-vilafranca\/\" \/>\n<meta property=\"og:site_name\" content=\"Ajuntament de Vilafranca de Bonany\" \/>\n<meta property=\"article:publisher\" content=\"https:\/\/www.facebook.com\/ajvilafrancadebonany\" \/>\n<meta property=\"og:image\" content=\"https:\/\/ajvilafrancadebonany.net\/wp-content\/uploads\/2022\/01\/logo-ajuntament-vilafranca-de-bonany.png\" \/>\n\t<meta property=\"og:image:width\" content=\"719\" \/>\n\t<meta property=\"og:image:height\" content=\"304\" \/>\n\t<meta property=\"og:image:type\" content=\"image\/png\" \/>\n<meta name=\"twitter:card\" content=\"summary_large_image\" \/>\n<script type=\"application\/ld+json\" class=\"yoast-schema-graph\">{\"@context\":\"https:\/\/schema.org\",\"@graph\":[{\"@type\":\"WebPage\",\"@id\":\"https:\/\/ajvilafrancadebonany.net\/la-nit-de-les-animes-en-torrapipes-a-vilafranca\/\",\"url\":\"https:\/\/ajvilafrancadebonany.net\/la-nit-de-les-animes-en-torrapipes-a-vilafranca\/\",\"name\":\"La Nit de les \u00c0nimes. En Torrapipes a Vilafranca - Ajuntament de Vilafranca de Bonany\",\"isPartOf\":{\"@id\":\"https:\/\/ajvilafrancadebonany.net\/#website\"},\"datePublished\":\"2025-10-29T13:11:11+00:00\",\"breadcrumb\":{\"@id\":\"https:\/\/ajvilafrancadebonany.net\/la-nit-de-les-animes-en-torrapipes-a-vilafranca\/#breadcrumb\"},\"inLanguage\":\"es\",\"potentialAction\":[{\"@type\":\"ReadAction\",\"target\":[\"https:\/\/ajvilafrancadebonany.net\/la-nit-de-les-animes-en-torrapipes-a-vilafranca\/\"]}]},{\"@type\":\"BreadcrumbList\",\"@id\":\"https:\/\/ajvilafrancadebonany.net\/la-nit-de-les-animes-en-torrapipes-a-vilafranca\/#breadcrumb\",\"itemListElement\":[{\"@type\":\"ListItem\",\"position\":1,\"name\":\"Portada\",\"item\":\"https:\/\/ajvilafrancadebonany.net\/es\/\"},{\"@type\":\"ListItem\",\"position\":2,\"name\":\"La Nit de les \u00c0nimes. En Torrapipes a Vilafranca\"}]},{\"@type\":\"WebSite\",\"@id\":\"https:\/\/ajvilafrancadebonany.net\/#website\",\"url\":\"https:\/\/ajvilafrancadebonany.net\/\",\"name\":\"Ajuntament de Vilafranca de Bonany\",\"description\":\"La web oficial del Ajuntament de Vilafranca de Bonany\",\"publisher\":{\"@id\":\"https:\/\/ajvilafrancadebonany.net\/#organization\"},\"alternateName\":\"Ajuntament Vilafranca\",\"potentialAction\":[{\"@type\":\"SearchAction\",\"target\":{\"@type\":\"EntryPoint\",\"urlTemplate\":\"https:\/\/ajvilafrancadebonany.net\/?s={search_term_string}\"},\"query-input\":{\"@type\":\"PropertyValueSpecification\",\"valueRequired\":true,\"valueName\":\"search_term_string\"}}],\"inLanguage\":\"es\"},{\"@type\":\"Organization\",\"@id\":\"https:\/\/ajvilafrancadebonany.net\/#organization\",\"name\":\"Ajuntament de Vilafranca de Bonany\",\"url\":\"https:\/\/ajvilafrancadebonany.net\/\",\"logo\":{\"@type\":\"ImageObject\",\"inLanguage\":\"es\",\"@id\":\"https:\/\/ajvilafrancadebonany.net\/#\/schema\/logo\/image\/\",\"url\":\"https:\/\/ajvilafrancadebonany.net\/wp-content\/uploads\/2023\/03\/Ajuntament-de-Vilafranca-de-Bonany.jpg\",\"contentUrl\":\"https:\/\/ajvilafrancadebonany.net\/wp-content\/uploads\/2023\/03\/Ajuntament-de-Vilafranca-de-Bonany.jpg\",\"width\":480,\"height\":180,\"caption\":\"Ajuntament de Vilafranca de Bonany\"},\"image\":{\"@id\":\"https:\/\/ajvilafrancadebonany.net\/#\/schema\/logo\/image\/\"},\"sameAs\":[\"https:\/\/www.facebook.com\/ajvilafrancadebonany\",\"https:\/\/www.instagram.com\/ajvilafrancadebonany\/\"]}]}<\/script>\n<!-- \/ Yoast SEO plugin. -->","yoast_head_json":{"title":"La Nit de les \u00c0nimes. En Torrapipes a Vilafranca - Ajuntament de Vilafranca de Bonany","robots":{"index":"index","follow":"follow","max-snippet":"max-snippet:-1","max-image-preview":"max-image-preview:large","max-video-preview":"max-video-preview:-1"},"canonical":"https:\/\/ajvilafrancadebonany.net\/la-nit-de-les-animes-en-torrapipes-a-vilafranca\/","og_locale":"es_ES","og_type":"article","og_title":"La Nit de les \u00c0nimes. En Torrapipes a Vilafranca - Ajuntament de Vilafranca de Bonany","og_description":"CAN\u00c7\u00d3 D&#8217;EN TORRAPIPES","og_url":"https:\/\/ajvilafrancadebonany.net\/la-nit-de-les-animes-en-torrapipes-a-vilafranca\/","og_site_name":"Ajuntament de Vilafranca de Bonany","article_publisher":"https:\/\/www.facebook.com\/ajvilafrancadebonany","og_image":[{"width":719,"height":304,"url":"https:\/\/ajvilafrancadebonany.net\/wp-content\/uploads\/2022\/01\/logo-ajuntament-vilafranca-de-bonany.png","type":"image\/png"}],"twitter_card":"summary_large_image","schema":{"@context":"https:\/\/schema.org","@graph":[{"@type":"WebPage","@id":"https:\/\/ajvilafrancadebonany.net\/la-nit-de-les-animes-en-torrapipes-a-vilafranca\/","url":"https:\/\/ajvilafrancadebonany.net\/la-nit-de-les-animes-en-torrapipes-a-vilafranca\/","name":"La Nit de les \u00c0nimes. En Torrapipes a Vilafranca - Ajuntament de Vilafranca de Bonany","isPartOf":{"@id":"https:\/\/ajvilafrancadebonany.net\/#website"},"datePublished":"2025-10-29T13:11:11+00:00","breadcrumb":{"@id":"https:\/\/ajvilafrancadebonany.net\/la-nit-de-les-animes-en-torrapipes-a-vilafranca\/#breadcrumb"},"inLanguage":"es","potentialAction":[{"@type":"ReadAction","target":["https:\/\/ajvilafrancadebonany.net\/la-nit-de-les-animes-en-torrapipes-a-vilafranca\/"]}]},{"@type":"BreadcrumbList","@id":"https:\/\/ajvilafrancadebonany.net\/la-nit-de-les-animes-en-torrapipes-a-vilafranca\/#breadcrumb","itemListElement":[{"@type":"ListItem","position":1,"name":"Portada","item":"https:\/\/ajvilafrancadebonany.net\/es\/"},{"@type":"ListItem","position":2,"name":"La Nit de les \u00c0nimes. En Torrapipes a Vilafranca"}]},{"@type":"WebSite","@id":"https:\/\/ajvilafrancadebonany.net\/#website","url":"https:\/\/ajvilafrancadebonany.net\/","name":"Ajuntament de Vilafranca de Bonany","description":"La web oficial del Ajuntament de Vilafranca de Bonany","publisher":{"@id":"https:\/\/ajvilafrancadebonany.net\/#organization"},"alternateName":"Ajuntament Vilafranca","potentialAction":[{"@type":"SearchAction","target":{"@type":"EntryPoint","urlTemplate":"https:\/\/ajvilafrancadebonany.net\/?s={search_term_string}"},"query-input":{"@type":"PropertyValueSpecification","valueRequired":true,"valueName":"search_term_string"}}],"inLanguage":"es"},{"@type":"Organization","@id":"https:\/\/ajvilafrancadebonany.net\/#organization","name":"Ajuntament de Vilafranca de Bonany","url":"https:\/\/ajvilafrancadebonany.net\/","logo":{"@type":"ImageObject","inLanguage":"es","@id":"https:\/\/ajvilafrancadebonany.net\/#\/schema\/logo\/image\/","url":"https:\/\/ajvilafrancadebonany.net\/wp-content\/uploads\/2023\/03\/Ajuntament-de-Vilafranca-de-Bonany.jpg","contentUrl":"https:\/\/ajvilafrancadebonany.net\/wp-content\/uploads\/2023\/03\/Ajuntament-de-Vilafranca-de-Bonany.jpg","width":480,"height":180,"caption":"Ajuntament de Vilafranca de Bonany"},"image":{"@id":"https:\/\/ajvilafrancadebonany.net\/#\/schema\/logo\/image\/"},"sameAs":["https:\/\/www.facebook.com\/ajvilafrancadebonany","https:\/\/www.instagram.com\/ajvilafrancadebonany\/"]}]}},"_links":{"self":[{"href":"https:\/\/ajvilafrancadebonany.net\/es\/wp-json\/wp\/v2\/pages\/7290","targetHints":{"allow":["GET"]}}],"collection":[{"href":"https:\/\/ajvilafrancadebonany.net\/es\/wp-json\/wp\/v2\/pages"}],"about":[{"href":"https:\/\/ajvilafrancadebonany.net\/es\/wp-json\/wp\/v2\/types\/page"}],"author":[{"embeddable":true,"href":"https:\/\/ajvilafrancadebonany.net\/es\/wp-json\/wp\/v2\/users\/2"}],"replies":[{"embeddable":true,"href":"https:\/\/ajvilafrancadebonany.net\/es\/wp-json\/wp\/v2\/comments?post=7290"}],"version-history":[{"count":0,"href":"https:\/\/ajvilafrancadebonany.net\/es\/wp-json\/wp\/v2\/pages\/7290\/revisions"}],"wp:attachment":[{"href":"https:\/\/ajvilafrancadebonany.net\/es\/wp-json\/wp\/v2\/media?parent=7290"}],"curies":[{"name":"wp","href":"https:\/\/api.w.org\/{rel}","templated":true}]}}